{"id":1054,"date":"2013-08-21T17:13:19","date_gmt":"2013-08-21T15:13:19","guid":{"rendered":"https:\/\/www.corazzi.it\/?page_id=1054"},"modified":"2014-01-30T11:41:31","modified_gmt":"2014-01-30T10:41:31","slug":"cataloghi-e-info","status":"publish","type":"page","link":"https:\/\/www.corazzi.com\/it\/cataloghi-e-info\/","title":{"rendered":"CATALOGHI E INFO"},"content":{"rendered":"\n<div class=\"wpcf7 no-js\" id=\"wpcf7-f1053-o1\" lang=\"en-US\" dir=\"ltr\" data-wpcf7-id=\"1053\">\n<div class=\"screen-reader-response\"><p role=\"status\" aria-live=\"polite\" aria-atomic=\"true\"><\/p> <ul><\/ul><\/div>\n<form action=\"\/it\/wp-json\/wp\/v2\/pages\/1054#wpcf7-f1053-o1\" method=\"post\" class=\"wpcf7-form init\" aria-label=\"Contact form\" novalidate=\"novalidate\" data-status=\"init\">\n<fieldset class=\"hidden-fields-container\"><input type=\"hidden\" name=\"_wpcf7\" value=\"1053\" \/><input type=\"hidden\" name=\"_wpcf7_version\" value=\"6.1.5\" \/><input type=\"hidden\" name=\"_wpcf7_locale\" value=\"en_US\" \/><input type=\"hidden\" name=\"_wpcf7_unit_tag\" value=\"wpcf7-f1053-o1\" \/><input type=\"hidden\" name=\"_wpcf7_container_post\" value=\"0\" \/><input type=\"hidden\" name=\"_wpcf7_posted_data_hash\" value=\"\" \/>\n<\/fieldset>\n<p><span class=\"wpcf7-form-control-wrap\" data-name=\"referer-page\"><input size=\"40\" maxlength=\"400\" class=\"wpcf7-form-control wpcf7-text referer-page\" aria-invalid=\"false\" value=\"\" type=\"text\" name=\"referer-page\" \/><\/span>\n<\/p>\n<div class=\"row-fluid\">\n\t<div class=\"span4\">\n\t\t<p>Nome*\n\t\t<\/p>\n\t\t<p><span class=\"wpcf7-form-control-wrap\" data-name=\"your-name\"><input size=\"40\" maxlength=\"400\" class=\"wpcf7-form-control wpcf7-text wpcf7-validates-as-required\" aria-required=\"true\" aria-invalid=\"false\" value=\"\" type=\"text\" name=\"your-name\" \/><\/span>\n\t\t<\/p>\n\t<\/div>\n\t<div class=\"span4\">\n\t\t<p>Cognome*\n\t\t<\/p>\n\t\t<p><span class=\"wpcf7-form-control-wrap\" data-name=\"Cognome\"><input size=\"40\" maxlength=\"400\" class=\"wpcf7-form-control wpcf7-text wpcf7-validates-as-required\" aria-required=\"true\" aria-invalid=\"false\" value=\"\" type=\"text\" name=\"Cognome\" \/><\/span>\n\t\t<\/p>\n\t<\/div>\n\t<div class=\"span4\">\n\t\t<p>Email*\n\t\t<\/p>\n\t\t<p><span class=\"wpcf7-form-control-wrap\" data-name=\"your-email\"><input size=\"40\" maxlength=\"400\" class=\"wpcf7-form-control wpcf7-email wpcf7-validates-as-required wpcf7-text wpcf7-validates-as-email\" aria-required=\"true\" aria-invalid=\"false\" value=\"\" type=\"email\" name=\"your-email\" \/><\/span>\n\t\t<\/p>\n\t<\/div>\n<\/div>\n<hr \/>\n<div class=\"row-fluid\">\n\t<div class=\"span4\">\n\t\t<p>Azienda\n\t\t<\/p>\n\t\t<p><span class=\"wpcf7-form-control-wrap\" data-name=\"Company\"><input size=\"40\" maxlength=\"400\" class=\"wpcf7-form-control wpcf7-text\" aria-invalid=\"false\" value=\"\" type=\"text\" name=\"Company\" \/><\/span>\n\t\t<\/p>\n\t<\/div>\n\t<div class=\"span4\">\n\t\t<p>Posizione Lavorativa\n\t\t<\/p>\n\t\t<p><span class=\"wpcf7-form-control-wrap\" data-name=\"PosizioneLavorativa\"><input size=\"40\" maxlength=\"400\" class=\"wpcf7-form-control wpcf7-text\" aria-invalid=\"false\" value=\"\" type=\"text\" name=\"PosizioneLavorativa\" \/><\/span>\n\t\t<\/p>\n\t<\/div>\n\t<div class=\"span4\">\n\t\t<p>Indirizzo\n\t\t<\/p>\n\t\t<p><span class=\"wpcf7-form-control-wrap\" data-name=\"Indirizzo\"><input size=\"40\" maxlength=\"400\" class=\"wpcf7-form-control wpcf7-text\" aria-invalid=\"false\" value=\"\" type=\"text\" name=\"Indirizzo\" \/><\/span>\n\t\t<\/p>\n\t<\/div>\n<\/div>\n<hr \/>\n<div class=\"row-fluid\">\n\t<div class=\"span4\">\n\t\t<p>Telefono\n\t\t<\/p>\n\t\t<p><span class=\"wpcf7-form-control-wrap\" data-name=\"Telefono\"><input size=\"40\" maxlength=\"400\" class=\"wpcf7-form-control wpcf7-text\" aria-invalid=\"false\" value=\"\" type=\"text\" name=\"Telefono\" \/><\/span>\n\t\t<\/p>\n\t<\/div>\n\t<div class=\"span4\">\n\t\t<p>Fax\n\t\t<\/p>\n\t\t<p><span class=\"wpcf7-form-control-wrap\" data-name=\"Fax\"><input size=\"40\" maxlength=\"400\" class=\"wpcf7-form-control wpcf7-text\" aria-invalid=\"false\" value=\"\" type=\"text\" name=\"Fax\" \/><\/span>\n\t\t<\/p>\n\t<\/div>\n\t<div class=\"span4\">\n\t\t<p>Web site\n\t\t<\/p>\n\t\t<p><span class=\"wpcf7-form-control-wrap\" data-name=\"Website\"><input size=\"40\" maxlength=\"400\" class=\"wpcf7-form-control wpcf7-text\" aria-invalid=\"false\" value=\"\" type=\"text\" name=\"Website\" \/><\/span>\n\t\t<\/p>\n\t<\/div>\n<\/div>\n<p>Stato*<br \/>\n<span class=\"wpcf7-form-control-wrap\" data-name=\"Stato\"><select class=\"wpcf7-form-control wpcf7-select wpcf7-validates-as-required\" aria-required=\"true\" aria-invalid=\"false\" name=\"Stato\"><option value=\"Argentina\">Argentina<\/option><option value=\"Australia\">Australia<\/option><option value=\"Austria\">Austria<\/option><option value=\"Bahrain\">Bahrain<\/option><option value=\"Bangladesh\">Bangladesh<\/option><option value=\"Barbados\">Barbados<\/option><option value=\"Belarus\">Belarus<\/option><option value=\"Belgium\">Belgium<\/option><option value=\"Bermuda\">Bermuda<\/option><option value=\"Bhutan\">Bhutan<\/option><option value=\"Botswana\">Botswana<\/option><option value=\"Brazil\">Brazil<\/option><option value=\"Brunei Darussalam\">Brunei Darussalam<\/option><option value=\"Bulgaria\">Bulgaria<\/option><option value=\"Cambodia\">Cambodia<\/option><option value=\"Canada\">Canada<\/option><option value=\"Cape Verde\">Cape Verde<\/option><option value=\"Cayman Islands\">Cayman Islands<\/option><option value=\"China\">China<\/option><option value=\"Cuba\">Cuba<\/option><option value=\"Cyprus\">Cyprus<\/option><option value=\"Denmark\">Denmark<\/option><option value=\"Egypt\">Egypt<\/option><option value=\"El Salvador\">El Salvador<\/option><option value=\"Eritrea\">Eritrea<\/option><option value=\"Estonia\">Estonia<\/option><option value=\"Ethiopia\">Ethiopia<\/option><option value=\"Fiji\">Fiji<\/option><option value=\"Finland\">Finland<\/option><option value=\"France\">France<\/option><option value=\"Georgia\">Georgia<\/option><option value=\"Germany\">Germany<\/option><option value=\"Ghana\">Ghana<\/option><option value=\"Greece\">Greece<\/option><option value=\"Guyana\">Guyana<\/option><option value=\"HongKong\">HongKong<\/option><option value=\"Hungary\">Hungary<\/option><option value=\"Iceland\">Iceland<\/option><option value=\"India\">India<\/option><option value=\"Indonesia\">Indonesia<\/option><option value=\"Iran, Islamic Republic of\">Iran, Islamic Republic of<\/option><option value=\"Iraq\">Iraq<\/option><option value=\"Ireland\">Ireland<\/option><option value=\"Israel\">Israel<\/option><option value=\"Italia\" selected=\"selected\">Italia<\/option><option value=\"Japan\">Japan<\/option><option value=\"Jordan\">Jordan<\/option><option value=\"Kenya\">Kenya<\/option><option value=\"Korea, Democratic People&#039;s Republic of\">Korea, Democratic People&#039;s Republic of<\/option><option value=\"Korea, Republic of\">Korea, Republic of<\/option><option value=\"Kuwait\">Kuwait<\/option><option value=\"Latvia\">Latvia<\/option><option value=\"Luxembourg\">Luxembourg<\/option><option value=\"Macao\">Macao<\/option><option value=\"Malawi\">Malawi<\/option><option value=\"Malaysia\">Malaysia<\/option><option value=\"Maldives\">Maldives<\/option><option value=\"Mauritius\">Mauritius<\/option><option value=\"Mexico\">Mexico<\/option><option value=\"Mongolia\">Mongolia<\/option><option value=\"Morocco\">Morocco<\/option><option value=\"Namibia\">Namibia<\/option><option value=\"Nauru\">Nauru<\/option><option value=\"Nepal\">Nepal<\/option><option value=\"Netherlands\">Netherlands<\/option><option value=\"New Zealand\">New Zealand<\/option><option value=\"Niger\">Niger<\/option><option value=\"Nigeria\">Nigeria<\/option><option value=\"Norway\">Norway<\/option><option value=\"Oman\">Oman<\/option><option value=\"Pakistan\">Pakistan<\/option><option value=\"Panama\">Panama<\/option><option value=\"Papua New Guinea\">Papua New Guinea<\/option><option value=\"Philippines\">Philippines<\/option><option value=\"Poland\">Poland<\/option><option value=\"Portugal\">Portugal<\/option><option value=\"Qatar\">Qatar<\/option><option value=\"Romania\">Romania<\/option><option value=\"Russian Federation\">Russian Federation<\/option><option value=\"Rwanda\">Rwanda<\/option><option value=\"Samoa\">Samoa<\/option><option value=\"Saudi Arabia\">Saudi Arabia<\/option><option value=\"Senegal\">Senegal<\/option><option value=\"Singapore\">Singapore<\/option><option value=\"South Africa\">South Africa<\/option><option value=\"Spain\">Spain<\/option><option value=\"Sri Lanka\">Sri Lanka<\/option><option value=\"Sudan\">Sudan<\/option><option value=\"Sweden\">Sweden<\/option><option value=\"Switzerland\">Switzerland<\/option><option value=\"Taiwan, Province of China\">Taiwan, Province of China<\/option><option value=\"Tanzania, United Republic of\">Tanzania, United Republic of<\/option><option value=\"Thailand\">Thailand<\/option><option value=\"Tunisia\">Tunisia<\/option><option value=\"Turkey\">Turkey<\/option><option value=\"Uganda\">Uganda<\/option><option value=\"Ukraine\">Ukraine<\/option><option value=\"United Arab Emirates\">United Arab Emirates<\/option><option value=\"United Kingdom\">United Kingdom<\/option><option value=\"United States of America\">United States of America<\/option><option value=\"Uruguay\">Uruguay<\/option><option value=\"Viet Nam\">Viet Nam<\/option><option value=\"Yemen\">Yemen<\/option><option value=\"Zair\">Zair<\/option><option value=\"Zambia\">Zambia<\/option><option value=\"Zimbabwe\">Zimbabwe<\/option><\/select><\/span>\n<\/p>\n<p>Il tuo messaggio*\n<\/p>\n<p><span class=\"wpcf7-form-control-wrap\" data-name=\"your-message\"><textarea cols=\"40\" rows=\"10\" maxlength=\"2000\" class=\"wpcf7-form-control wpcf7-textarea wpcf7-validates-as-required\" aria-required=\"true\" aria-invalid=\"false\" name=\"your-message\"><\/textarea><\/span>\n<\/p>\n<p><textarea>Oggetto: Informativa sul trattamento dei Suoi dati personali, ai sensi dell'articolo 13 del Dlgs 196\/2003, recante il codice in materia di protezione dei dati personali, e richiesta del Suo consenso al trattamento di taluni dati.\n1. Il Dlgs 196\/2003 ha introdotto il codice in materia di protezione dei dati personali. In ottemperanza a quanto previsto da tale codice, il trattamento dei dati personali da parte della nostra organizzazione \u00e8 improntato ai principi di correttezza, liceit\u00e0 e trasparenza e di tutela della riservatezza e dei diritti dei soggetti cui i dati si riferiscono.\n2. In tale ambito, Le forniamo l'informativa prevista dall'articolo 13 Dlgs 196\/2003 e Le chiediamo di esprimere il suo consenso per il trattamento dei dati personali in seguito specificati per le seguenti finalit\u00e0:\na.gestire la sua richiesta di informazioni e\/o prenotazione al fine di fornirle le indicazioni a riguardo\n3. Il conferimento dei Suoi dati \u00e8 facoltativo; il loro mancato, parziale o inesatto conferimento potrebbe per\u00f2 avere come conseguenza l'impossibilit\u00e0 di fornirLe i servizi richiesti.\n4. In qualit\u00e0 di clienti o potenziali clienti, i dati oggetto di trattamento sono generalmente di natura comune, poich\u00e9 consistono essenzialmente in elementi di identificazione personale. Nel caso in cui Lei dovesse indicare nei campi che non prevedono una specifica indicazione dati che, ai sensi dell'articolo 4 lettera d) Dlgs 196\/2003, sono di natura sensibile ed in quanto tali meritevoli di tutele particolari, La informiamo che tali dati saranno da noi trattati nei limiti previsti dal codice della Privacy.\n5. Il trattamento di dati raccolti sar\u00e0 effettuato mediante strumenti cartacei e\/o elettronici e comunque in conformit\u00e0 alle disposizioni normative vigenti in materia.\n6. Precisiamo che la nostra organizzazione pone in atto le necessarie misure di carattere organizzativo, fisico e logico, atte a garantire la sicurezza dei dati, con particolare riferimento a quanto previsto dall'allegato B del Dpr 196\/2003 Disciplinare tecnico in materia di misure minime di sicurezza.\n7. Oltre che dai dipendenti della Societ\u00e0, alcuni trattamenti dei Suoi dati personali potranno essere effettuati anche da soggetti terzi, con sede in Italia e\/o all'estero, ai quali la nostra organizzazione affida talune attivit\u00e0 (o parte di esse) funzionali alla fornitura dei servizi sopra citati. I soggetti terzi e gli Incaricati eventualmente designati riceveranno adeguate istruzioni operative, con particolare riferimento all'adozione delle misure minime di sicurezza, al fine di poter garantire la riservatezza e la sicurezza dei dati. I soggetti terzi sopra citati sono essenzialmente ricompresi nelle seguenti categorie: Societ\u00e0 di recupero credito, Societ\u00e0 che elaborano dati di traffico per la fatturazione, Societ\u00e0 incaricate per la stampa e la spedizione delle fatture ai clienti, Societ\u00e0 di Consulenza, Societ\u00e0 cessionarie dei crediti, Agenti e Procacciatori, Franchisee, Fornitori di servizi tecnologici, Content Provider.\n8. Le ricordiamo che potr\u00e0 sempre esercitare nei nostri confronti i diritti previsti dall'articolo 7 Dlgs 196\/2003 come, a titolo di esempio, aggiornamento, rettifica, cancellazione.\n9. Per esercitare tali diritti pu\u00f2 rivolgersi al titolare del trattamento.<\/textarea>\n<\/p>\n<p>Selezionando la casella Accetto qui sotto, manifesti la tua disponibilita' e rilasci il tuo libero e incondizionato consenso a che i tuoi dati personali vengano trattati per portare a termine l'operazione di richiesta informazioni e ricevere comunicazioni a riguardo, oltre che per ottemperare agli obblighi previsti dalla legge.\n<\/p>\n<p><span id=\"consenso\"> <span class=\"wpcf7-form-control-wrap\" data-name=\"Consenso\"><span class=\"wpcf7-form-control wpcf7-acceptance\"><span class=\"wpcf7-list-item\"><input type=\"checkbox\" name=\"Consenso\" value=\"1\" aria-invalid=\"false\" \/><\/span><\/span><\/span> Accetto <\/span>\n<\/p>\n<div id=\"captcha-box\">\n\t<p><input type=\"hidden\" name=\"_wpcf7_captcha_challenge_captcha\" value=\"3004518813\" \/><img decoding=\"async\" class=\"wpcf7-form-control wpcf7-captchac wpcf7-captcha-captcha\" id=\"captcha-img\" width=\"72\" height=\"24\" alt=\"captcha\" src=\"https:\/\/www.corazzi.com\/wp-content\/uploads\/wpcf7_captcha\/3004518813.png\" \/><span class=\"wpcf7-form-control-wrap\" data-name=\"captcha\"><input size=\"40\" class=\"wpcf7-form-control wpcf7-captchar\" id=\"captcha-input\" autocomplete=\"off\" aria-invalid=\"false\" value=\"\" type=\"text\" name=\"captcha\" \/><\/span>\n\t<\/p>\n<\/div>\n<p><input class=\"wpcf7-form-control wpcf7-submit has-spinner\" type=\"submit\" value=\"Invia\" \/>\n<\/p><p style=\"display: none !important;\" class=\"akismet-fields-container\" data-prefix=\"_wpcf7_ak_\"><label>&#916;<textarea name=\"_wpcf7_ak_hp_textarea\" cols=\"45\" rows=\"8\" maxlength=\"100\"><\/textarea><\/label><input type=\"hidden\" id=\"ak_js_1\" name=\"_wpcf7_ak_js\" value=\"154\"\/><script>\ndocument.getElementById( \"ak_js_1\" ).setAttribute( \"value\", ( new Date() ).getTime() );\n<\/script>\n<\/p><div class=\"wpcf7-response-output\" aria-hidden=\"true\"><\/div>\n<\/form>\n<\/div>\n\n","protected":false},"excerpt":{"rendered":"","protected":false},"author":1,"featured_media":0,"parent":0,"menu_order":0,"comment_status":"open","ping_status":"open","template":"","meta":{"_acf_changed":false,"ocean_post_layout":"","ocean_both_sidebars_style":"","ocean_both_sidebars_content_width":0,"ocean_both_sidebars_sidebars_width":0,"ocean_sidebar":"","ocean_second_sidebar":"","ocean_disable_margins":"enable","ocean_add_body_class":"","ocean_shortcode_before_top_bar":"","ocean_shortcode_after_top_bar":"","ocean_shortcode_before_header":"","ocean_shortcode_after_header":"","ocean_has_shortcode":"","ocean_shortcode_after_title":"","ocean_shortcode_before_footer_widgets":"","ocean_shortcode_after_footer_widgets":"","ocean_shortcode_before_footer_bottom":"","ocean_shortcode_after_footer_bottom":"","ocean_display_top_bar":"default","ocean_display_header":"default","ocean_header_style":"","ocean_center_header_left_menu":"","ocean_custom_header_template":"","ocean_custom_logo":0,"ocean_custom_retina_logo":0,"ocean_custom_logo_max_width":0,"ocean_custom_logo_tablet_max_width":0,"ocean_custom_logo_mobile_max_width":0,"ocean_custom_logo_max_height":0,"ocean_custom_logo_tablet_max_height":0,"ocean_custom_logo_mobile_max_height":0,"ocean_header_custom_menu":"","ocean_menu_typo_font_family":"","ocean_menu_typo_font_subset":"","ocean_menu_typo_font_size":0,"ocean_menu_typo_font_size_tablet":0,"ocean_menu_typo_font_size_mobile":0,"ocean_menu_typo_font_size_unit":"px","ocean_menu_typo_font_weight":"","ocean_menu_typo_font_weight_tablet":"","ocean_menu_typo_font_weight_mobile":"","ocean_menu_typo_transform":"","ocean_menu_typo_transform_tablet":"","ocean_menu_typo_transform_mobile":"","ocean_menu_typo_line_height":0,"ocean_menu_typo_line_height_tablet":0,"ocean_menu_typo_line_height_mobile":0,"ocean_menu_typo_line_height_unit":"","ocean_menu_typo_spacing":0,"ocean_menu_typo_spacing_tablet":0,"ocean_menu_typo_spacing_mobile":0,"ocean_menu_typo_spacing_unit":"","ocean_menu_link_color":"","ocean_menu_link_color_hover":"","ocean_menu_link_color_active":"","ocean_menu_link_background":"","ocean_menu_link_hover_background":"","ocean_menu_link_active_background":"","ocean_menu_social_links_bg":"","ocean_menu_social_hover_links_bg":"","ocean_menu_social_links_color":"","ocean_menu_social_hover_links_color":"","ocean_disable_title":"default","ocean_disable_heading":"default","ocean_post_title":"","ocean_post_subheading":"","ocean_post_title_style":"","ocean_post_title_background_color":"","ocean_post_title_background":0,"ocean_post_title_bg_image_position":"","ocean_post_title_bg_image_attachment":"","ocean_post_title_bg_image_repeat":"","ocean_post_title_bg_image_size":"","ocean_post_title_height":0,"ocean_post_title_bg_overlay":0.5,"ocean_post_title_bg_overlay_color":"","ocean_disable_breadcrumbs":"default","ocean_breadcrumbs_color":"","ocean_breadcrumbs_separator_color":"","ocean_breadcrumbs_links_color":"","ocean_breadcrumbs_links_hover_color":"","ocean_display_footer_widgets":"default","ocean_display_footer_bottom":"default","ocean_custom_footer_template":"","footnotes":""},"cat-professionale":[],"cat-industriale":[],"class_list":["post-1054","page","type-page","status-publish","hentry","entry"],"acf":[],"_links":{"self":[{"href":"https:\/\/www.corazzi.com\/it\/wp-json\/wp\/v2\/pages\/1054","targetHints":{"allow":["GET"]}}],"collection":[{"href":"https:\/\/www.corazzi.com\/it\/wp-json\/wp\/v2\/pages"}],"about":[{"href":"https:\/\/www.corazzi.com\/it\/wp-json\/wp\/v2\/types\/page"}],"author":[{"embeddable":true,"href":"https:\/\/www.corazzi.com\/it\/wp-json\/wp\/v2\/users\/1"}],"replies":[{"embeddable":true,"href":"https:\/\/www.corazzi.com\/it\/wp-json\/wp\/v2\/comments?post=1054"}],"version-history":[{"count":0,"href":"https:\/\/www.corazzi.com\/it\/wp-json\/wp\/v2\/pages\/1054\/revisions"}],"wp:attachment":[{"href":"https:\/\/www.corazzi.com\/it\/wp-json\/wp\/v2\/media?parent=1054"}],"wp:term":[{"taxonomy":"cat-professionale","embeddable":true,"href":"https:\/\/www.corazzi.com\/it\/wp-json\/wp\/v2\/cat-professionale?post=1054"},{"taxonomy":"cat-industriale","embeddable":true,"href":"https:\/\/www.corazzi.com\/it\/wp-json\/wp\/v2\/cat-industriale?post=1054"}],"curies":[{"name":"wp","href":"https:\/\/api.w.org\/{rel}","templated":true}]}}