{"id":11442,"date":"2023-09-08T11:15:44","date_gmt":"2023-09-08T09:15:44","guid":{"rendered":"https:\/\/www.corazzi.it\/?page_id=11442"},"modified":"2026-02-13T09:30:28","modified_gmt":"2026-02-13T08:30:28","slug":"sostenibilita-aziendale","status":"publish","type":"page","link":"https:\/\/www.corazzi.com\/it\/azienda\/sostenibilita-aziendale\/","title":{"rendered":"Sostenibilit\u00e0 Aziendale"},"content":{"rendered":"\n<figure class=\"wp-block-image size-large\" style=\"position: relative;\"><a href=\"https:\/\/www.corazzi.com\/wp-content\/uploads\/2025\/12\/L04_Bilancio-sostenibilita-SHORT-CORAZZI_20251125.pdf\" style=\"width: 100%;\"><img decoding=\"async\" src=\"https:\/\/www.corazzi.com\/wp-content\/uploads\/2026\/02\/Banner_02-pag.-interna2.jpg\" alt=\"Bilancio Sostenibilit\u00e0\" class=\"wp-image-12330\" style=\"width: 100%;\"\/><\/a><a href=\"mailto:marketing@corazzi.com\" style=\"position: absolute;top: 78%;left: 56%;right: 34%;bottom: 15%;\"><\/a><\/figure>\n\n\n<h1 class=\"wp-block-post-title\">Sostenibilit\u00e0 Aziendale<\/h1>\n\n<p style=\"text-align: justify;\"><a href=\"https:\/\/www.corazzi.com\/wp-content\/uploads\/2024\/03\/logo-corazzi-eco-trasparente.png\" rel=\"lightbox[11442]\"><img decoding=\"async\" class=\"wp-image-12179 size-thumbnail alignleft\" src=\"https:\/\/www.corazzi.com\/wp-content\/uploads\/2024\/03\/logo-corazzi-eco-trasparente-150x150.png\" alt=\"\" width=\"150\" height=\"150\" srcset=\"https:\/\/www.corazzi.com\/wp-content\/uploads\/2024\/03\/logo-corazzi-eco-trasparente-150x150.png 150w, https:\/\/www.corazzi.com\/wp-content\/uploads\/2024\/03\/logo-corazzi-eco-trasparente-50x50.png 50w\" sizes=\"(max-width: 150px) 100vw, 150px\" \/><\/a><span style=\"color: #003300;\">Corazzi Fibre conferma il suo forte impegno nella sostenibilit\u00e0 del proprio business, grazie a investimenti sostenibili e ad una elevata attenzione all&#8217;innovazione. Ci prendiamo cura dell\u2019ambiente circostante e globale utilizzando materiali riciclati e naturali, risparmiando acqua ed energia, progettando le nostre fibre con materie prime sostenibili, riducendo sprechi e facendo della sicurezza e salute dei nostri lavoratori una priorit\u00e0 essenziale.<\/span><\/p>\n<p><img decoding=\"async\" class=\" wp-image-4507 aligncenter\" src=\"https:\/\/www.corazzi.com\/wp-content\/uploads\/2013\/07\/Divider.jpg\" alt=\"Divider\" width=\"800\" height=\"11\" \/><\/p>\n<p><img decoding=\"async\" class=\"alignleft wp-image-11447 size-thumbnail\" src=\"https:\/\/www.corazzi.com\/wp-content\/uploads\/2023\/09\/Recycled_trasparente-150x150.png\" alt=\"\" width=\"150\" height=\"150\" srcset=\"https:\/\/www.corazzi.com\/wp-content\/uploads\/2023\/09\/Recycled_trasparente-150x150.png 150w, https:\/\/www.corazzi.com\/wp-content\/uploads\/2023\/09\/Recycled_trasparente-300x300.png 300w, https:\/\/www.corazzi.com\/wp-content\/uploads\/2023\/09\/Recycled_trasparente-210x210.png 210w, https:\/\/www.corazzi.com\/wp-content\/uploads\/2023\/09\/Recycled_trasparente-50x50.png 50w, https:\/\/www.corazzi.com\/wp-content\/uploads\/2023\/09\/Recycled_trasparente.png 514w\" sizes=\"(max-width: 150px) 100vw, 150px\" \/><\/p>\n<p id=\"fibre-riciclate\" style=\"color: #008dcd;\"><strong><span style=\"font-size: 14pt;\">FIBRE 100% RICICLATE<\/span><\/strong><\/p>\n<p style=\"text-align: justify;\"><span style=\"color: #003300;\">Tutti i nostri materiali abrasivi destinati a pulizia domestica sono realizzati con <strong>fibre 100% riciclate<\/strong>.<\/span><br \/><span style=\"color: #003300;\">Oltre il 90% delle fibre utilizzate nei nostri prodotti \u00e8 ottenuto da oltre 76 milioni di bottiglie in plastica da 0,5 litri, a dimostrazione del costante impegno nel promuovere l&#8217;economia circolare e ridurre la dipendenza da materie prime vergini.<\/span><br \/><span style=\"color: #003300;\">L&#8217;azienda adotta standard elevati di sostenibilit\u00e0 nell&#8217;omologare i fornitori, promuovendo la ricerca e lo sviluppo di nuovi materiali e processi produttivi sempre pi\u00f9 efficienti ed a basso impatto ambientale.<\/span><\/p>\n<p><span style=\"color: #00ffff;\"><img decoding=\"async\" class=\" wp-image-4507 aligncenter\" src=\"https:\/\/www.corazzi.com\/wp-content\/uploads\/2013\/07\/Divider.jpg\" alt=\"Divider\" width=\"800\" height=\"11\" \/><\/span><\/p>\n<p><span style=\"color: #00ffff;\"><img loading=\"lazy\" decoding=\"async\" class=\"size-thumbnail wp-image-11445 alignleft\" src=\"https:\/\/www.corazzi.com\/wp-content\/uploads\/2023\/09\/GOCCIA_trasparente-150x150.png\" alt=\"\" width=\"150\" height=\"150\" srcset=\"https:\/\/www.corazzi.com\/wp-content\/uploads\/2023\/09\/GOCCIA_trasparente-150x150.png 150w, https:\/\/www.corazzi.com\/wp-content\/uploads\/2023\/09\/GOCCIA_trasparente-210x210.png 210w, https:\/\/www.corazzi.com\/wp-content\/uploads\/2023\/09\/GOCCIA_trasparente-50x50.png 50w, https:\/\/www.corazzi.com\/wp-content\/uploads\/2023\/09\/GOCCIA_trasparente.png 272w\" sizes=\"(max-width: 150px) 100vw, 150px\" \/><\/span><\/p>\n<p id=\"risparmio-idrico\" style=\"color: #008dcd;\"><strong><span style=\"font-size: 14pt;\">RISPARMIO IDRICO<\/span><\/strong><\/p>\n<p style=\"text-align: justify;\"><span style=\"color: #003300;\">Un altro tema di grande attenzione ed impegno \u00e8 il risparmio di acqua. Grazie a investimenti in tecnologie di recupero e riciclo avanzate, ed a processi produttivi ottimizzati, Corazzi Fibre ha ridotto il suo consumo idrico del 50% negli ultimi cinque anni (2019-23), preservando oltre 6.000 m3 di preziosa acqua (pari a quasi tre piscine olimpioniche), con l&#8217;impegno di continuare in questa direzione, grazie ad un utilizzo sempre pi\u00f9 responsabile.<\/span><\/p>\n<p><img decoding=\"async\" class=\" wp-image-4507 aligncenter\" src=\"https:\/\/www.corazzi.com\/wp-content\/uploads\/2013\/07\/Divider.jpg\" alt=\"Divider\" width=\"800\" height=\"11\" \/><\/p>\n<p><img loading=\"lazy\" decoding=\"async\" class=\"size-thumbnail wp-image-11443 alignleft\" src=\"https:\/\/www.corazzi.com\/wp-content\/uploads\/2023\/09\/CO2_trasparente-150x150.png\" alt=\"\" width=\"150\" height=\"150\" srcset=\"https:\/\/www.corazzi.com\/wp-content\/uploads\/2023\/09\/CO2_trasparente-150x150.png 150w, https:\/\/www.corazzi.com\/wp-content\/uploads\/2023\/09\/CO2_trasparente-300x300.png 300w, https:\/\/www.corazzi.com\/wp-content\/uploads\/2023\/09\/CO2_trasparente-210x210.png 210w, https:\/\/www.corazzi.com\/wp-content\/uploads\/2023\/09\/CO2_trasparente-624x624.png 624w, https:\/\/www.corazzi.com\/wp-content\/uploads\/2023\/09\/CO2_trasparente-50x50.png 50w, https:\/\/www.corazzi.com\/wp-content\/uploads\/2023\/09\/CO2_trasparente.png 648w\" sizes=\"(max-width: 150px) 100vw, 150px\" \/><\/p>\n<p id=\"riduzione-emissioni\" style=\"color: #008dcd;\"><strong><span style=\"font-size: 14pt;\">RIDUZIONE EMISSIONI<\/span><\/strong><\/p>\n<p style=\"text-align: justify;\"><span style=\"color: #003300;\">Contribuire a mantenere l\u2019aria che respiriamo pulita \u00e8 da sempre una nostra priorit\u00e0. Anche in questa direzione, Corazzi Fibre ha da tempo iniziato un percorso importante, investendo in tecnologie all&#8217;avanguardia, direttamente applicate a prodotti ed impianti produttivi, per ridurre sensibilmente le emissioni significative in atmosfera. Attraverso un avanzato sistema di abbattimento, ed al parallelo lavoro di sviluppo ed utilizzo di materiali sostenibili, le emissioni sensibili in atmosfera sono state ridotte dell\u201984% nel quinquennio 2019-23; un risultato importante, che rafforza lo stimolo per migliorarlo continuamente.<\/span><\/p>\n<p style=\"text-align: justify;\">.<\/p>\n<p><img decoding=\"async\" class=\" wp-image-4507 aligncenter\" src=\"https:\/\/www.corazzi.com\/wp-content\/uploads\/2013\/07\/Divider.jpg\" alt=\"Divider\" width=\"800\" height=\"11\" \/><br \/><img loading=\"lazy\" decoding=\"async\" class=\"size-thumbnail wp-image-11449 alignleft\" src=\"https:\/\/www.corazzi.com\/wp-content\/uploads\/2023\/09\/tre-frecce_trasparente-150x150.png\" alt=\"\" width=\"150\" height=\"150\" srcset=\"https:\/\/www.corazzi.com\/wp-content\/uploads\/2023\/09\/tre-frecce_trasparente-150x150.png 150w, https:\/\/www.corazzi.com\/wp-content\/uploads\/2023\/09\/tre-frecce_trasparente-300x300.png 300w, https:\/\/www.corazzi.com\/wp-content\/uploads\/2023\/09\/tre-frecce_trasparente-210x210.png 210w, https:\/\/www.corazzi.com\/wp-content\/uploads\/2023\/09\/tre-frecce_trasparente-50x50.png 50w, https:\/\/www.corazzi.com\/wp-content\/uploads\/2023\/09\/tre-frecce_trasparente.png 400w\" sizes=\"(max-width: 150px) 100vw, 150px\" \/><\/p>\n<p id=\"riduzione-rifiuti\" style=\"color: #008dcd;\"><strong><span style=\"font-size: 14pt;\">RIDUZIONE RIFIUTI<\/span><\/strong><\/p>\n<p style=\"text-align: justify;\"><span style=\"color: #003300;\">L\u2019azienda \u00e8 fortemente impegnata nella gestione responsabile dei rifiuti, adottando una serie di misure per limitarne la quantit\u00e0 generata durante i diversi processi produttivi. Attraverso una politica di riduzione, riutilizzo e riciclo dei materiali, negli ultimi 5 anni (2019-23) Corazzi fibre ha ridotto di oltre il 25% i suoi rifiuti, migliorandone anche la gestione del loro trattamento, attraverso l&#8217;implementazione di un sistema gestionale dei rifiuti efficace, atto a massimizzare il recupero di risorse e minimizzare l&#8217;impatto ambientale.<\/span><\/p>\n<p><img decoding=\"async\" class=\" wp-image-4507 aligncenter\" src=\"https:\/\/www.corazzi.com\/wp-content\/uploads\/2013\/07\/Divider.jpg\" alt=\"Divider\" width=\"800\" height=\"11\" \/><\/p>\n<p><img loading=\"lazy\" decoding=\"async\" class=\"size-thumbnail wp-image-11445 alignleft\" src=\"https:\/\/www.corazzi.com\/wp-content\/uploads\/2023\/09\/Scala-colorata_trasparente-150x150.png\" alt=\"\" width=\"150\" height=\"150\" \/><\/p>\n<p id=\"efficientamento-energetico\" style=\"color: #008dcd;\"><strong><span style=\"font-size: 14pt;\">EFFICIENTAMENTO ENERGETICO<\/span><\/strong><\/p>\n<p style=\"text-align: justify;\"><span style=\"color: #003300;\">Attraverso il continuo efficientamento delle linee, e l\u2019utilizzo delle ultime tecnologie in campo di gestione della forza motrice, \u00e8 stato attivato un intenso percorso di monitoraggio e riduzione delle componenti energivore (Gas e EE), per arrivare ad offrire materiali dai contenuti tecnologici e sostenibili elevati.<\/span><\/p>\n<p><img decoding=\"async\" class=\" wp-image-4507 aligncenter\" src=\"https:\/\/www.corazzi.com\/wp-content\/uploads\/2013\/07\/Divider.jpg\" alt=\"Divider\" width=\"800\" height=\"11\" \/><\/p>\n<p><img loading=\"lazy\" decoding=\"async\" class=\"size-thumbnail wp-image-11445 alignleft\" src=\"https:\/\/www.corazzi.com\/wp-content\/uploads\/2023\/09\/Finanza-sostenibile_trasparente.png\" alt=\"\" width=\"150\" height=\"150\" \/><\/p>\n<p id=\"finanza-sostenibile\" style=\"color: #008dcd;\"><strong><span style=\"font-size: 14pt;\">FINANZA SOSTENIBILE &#8211; Finanziamento Futuro Sostenibile Certificato<\/span><\/strong><\/p>\n<p style=\"text-align: justify;\"><span style=\"color: #003300;\">La finanza sostenibile \u00e8 l&#8217;applicazione del concetto di sviluppo sostenibile all&#8217;attivit\u00e0 finanziaria e quindi la finanza che tiene in considerazione i fattori ESG nel processo decisionale di investimento, indirizzando i capitali verso attivit\u00e0 e progetti sostenibili a pi\u00f9 lungo termine. Corazzi ha sostenuto e sosterr\u00e0 investimenti utilizzando strumenti finanziari collegati al conseguimento di target di sostenibilit\u00e0 predefiniti e certificati da Services esterni come EcoVadis.<\/span><\/p>\n\n\n<p><\/p>\n","protected":false},"excerpt":{"rendered":"<p>Corazzi Fibre conferma il suo forte impegno nella sostenibilit\u00e0 del proprio business, grazie a investimenti sostenibili e ad una elevata attenzione all&#8217;innovazione. Ci prendiamo cura dell\u2019ambiente circostante e globale utilizzando materiali riciclati e naturali, risparmiando acqua ed energia, progettando le nostre fibre con materie prime sostenibili, riducendo sprechi e facendo della sicurezza e salute dei [&hellip;]<\/p>\n","protected":false},"author":1,"featured_media":0,"parent":47,"menu_order":0,"comment_status":"closed","ping_status":"closed","template":"","meta":{"_acf_changed":true,"ocean_post_layout":"","ocean_both_sidebars_style":"","ocean_both_sidebars_content_width":0,"ocean_both_sidebars_sidebars_width":0,"ocean_sidebar":"","ocean_second_sidebar":"","ocean_disable_margins":"enable","ocean_add_body_class":"","ocean_shortcode_before_top_bar":"","ocean_shortcode_after_top_bar":"","ocean_shortcode_before_header":"","ocean_shortcode_after_header":"","ocean_has_shortcode":"","ocean_shortcode_after_title":"","ocean_shortcode_before_footer_widgets":"","ocean_shortcode_after_footer_widgets":"","ocean_shortcode_before_footer_bottom":"","ocean_shortcode_after_footer_bottom":"","ocean_display_top_bar":"default","ocean_display_header":"default","ocean_header_style":"","ocean_center_header_left_menu":"","ocean_custom_header_template":"","ocean_custom_logo":0,"ocean_custom_retina_logo":0,"ocean_custom_logo_max_width":0,"ocean_custom_logo_tablet_max_width":0,"ocean_custom_logo_mobile_max_width":0,"ocean_custom_logo_max_height":0,"ocean_custom_logo_tablet_max_height":0,"ocean_custom_logo_mobile_max_height":0,"ocean_header_custom_menu":"","ocean_menu_typo_font_family":"","ocean_menu_typo_font_subset":"","ocean_menu_typo_font_size":0,"ocean_menu_typo_font_size_tablet":0,"ocean_menu_typo_font_size_mobile":0,"ocean_menu_typo_font_size_unit":"px","ocean_menu_typo_font_weight":"","ocean_menu_typo_font_weight_tablet":"","ocean_menu_typo_font_weight_mobile":"","ocean_menu_typo_transform":"","ocean_menu_typo_transform_tablet":"","ocean_menu_typo_transform_mobile":"","ocean_menu_typo_line_height":0,"ocean_menu_typo_line_height_tablet":0,"ocean_menu_typo_line_height_mobile":0,"ocean_menu_typo_line_height_unit":"","ocean_menu_typo_spacing":0,"ocean_menu_typo_spacing_tablet":0,"ocean_menu_typo_spacing_mobile":0,"ocean_menu_typo_spacing_unit":"","ocean_menu_link_color":"","ocean_menu_link_color_hover":"","ocean_menu_link_color_active":"","ocean_menu_link_background":"","ocean_menu_link_hover_background":"","ocean_menu_link_active_background":"","ocean_menu_social_links_bg":"","ocean_menu_social_hover_links_bg":"","ocean_menu_social_links_color":"","ocean_menu_social_hover_links_color":"","ocean_disable_title":"default","ocean_disable_heading":"default","ocean_post_title":"","ocean_post_subheading":"","ocean_post_title_style":"","ocean_post_title_background_color":"","ocean_post_title_background":0,"ocean_post_title_bg_image_position":"","ocean_post_title_bg_image_attachment":"","ocean_post_title_bg_image_repeat":"","ocean_post_title_bg_image_size":"","ocean_post_title_height":0,"ocean_post_title_bg_overlay":0.5,"ocean_post_title_bg_overlay_color":"","ocean_disable_breadcrumbs":"default","ocean_breadcrumbs_color":"","ocean_breadcrumbs_separator_color":"","ocean_breadcrumbs_links_color":"","ocean_breadcrumbs_links_hover_color":"","ocean_display_footer_widgets":"default","ocean_display_footer_bottom":"default","ocean_custom_footer_template":"","footnotes":""},"cat-professionale":[],"cat-industriale":[],"class_list":["post-11442","page","type-page","status-publish","hentry","entry"],"acf":[],"_links":{"self":[{"href":"https:\/\/www.corazzi.com\/it\/wp-json\/wp\/v2\/pages\/11442","targetHints":{"allow":["GET"]}}],"collection":[{"href":"https:\/\/www.corazzi.com\/it\/wp-json\/wp\/v2\/pages"}],"about":[{"href":"https:\/\/www.corazzi.com\/it\/wp-json\/wp\/v2\/types\/page"}],"author":[{"embeddable":true,"href":"https:\/\/www.corazzi.com\/it\/wp-json\/wp\/v2\/users\/1"}],"replies":[{"embeddable":true,"href":"https:\/\/www.corazzi.com\/it\/wp-json\/wp\/v2\/comments?post=11442"}],"version-history":[{"count":0,"href":"https:\/\/www.corazzi.com\/it\/wp-json\/wp\/v2\/pages\/11442\/revisions"}],"up":[{"embeddable":true,"href":"https:\/\/www.corazzi.com\/it\/wp-json\/wp\/v2\/pages\/47"}],"wp:attachment":[{"href":"https:\/\/www.corazzi.com\/it\/wp-json\/wp\/v2\/media?parent=11442"}],"wp:term":[{"taxonomy":"cat-professionale","embeddable":true,"href":"https:\/\/www.corazzi.com\/it\/wp-json\/wp\/v2\/cat-professionale?post=11442"},{"taxonomy":"cat-industriale","embeddable":true,"href":"https:\/\/www.corazzi.com\/it\/wp-json\/wp\/v2\/cat-industriale?post=11442"}],"curies":[{"name":"wp","href":"https:\/\/api.w.org\/{rel}","templated":true}]}}