{"id":2574,"date":"2013-12-16T12:20:32","date_gmt":"2013-12-16T11:20:32","guid":{"rendered":"https:\/\/www.corazzi.it\/?page_id=2574"},"modified":"2024-01-05T17:48:00","modified_gmt":"2024-01-05T16:48:00","slug":"fibra-stampata","status":"publish","type":"page","link":"https:\/\/www.corazzi.com\/it\/pulizia-domestic\/dom-trasformatori\/fibra-innovazione\/fibra-stampata\/","title":{"rendered":"Fibra stampata"},"content":{"rendered":"<h1 class=\"wp-block-post-title\">Fibra stampata<\/h1>\n\n<p style=\"text-align: justify;\">Fibra stampata a pi\u00f9 colori con inchiostri ad elevata tenacit\u00e0. Disponibile sia in versione abrasiva (verde) che per superfici delicate (bianca).<br \/>\nPossibilit\u00e0 di disegni personalizzati multicolore.<\/p>\n<p><a href=\"https:\/\/www.corazzi.com\/wp-content\/uploads\/2013\/12\/Fibrestampate.jpg\" rel=\"lightbox[2574]\"><img fetchpriority=\"high\" decoding=\"async\" class=\"size-full wp-image-5610 alignright\" alt=\"Fibrestampate\" src=\"https:\/\/www.corazzi.com\/wp-content\/uploads\/2013\/12\/Fibrestampate.jpg\" width=\"280\" height=\"262\" srcset=\"https:\/\/www.corazzi.com\/wp-content\/uploads\/2013\/12\/Fibrestampate.jpg 280w, https:\/\/www.corazzi.com\/wp-content\/uploads\/2013\/12\/Fibrestampate-224x210.jpg 224w\" sizes=\"(max-width: 280px) 100vw, 280px\" \/><\/a><\/p>\n<table class=\"table table-bordered table-striped blueyellow\" style=\"width: 392px; height: 324px;\">\n<thead>\n<tr>\n<th colspan=\"2\">fibra STAMPATA<\/th>\n<\/tr>\n<\/thead>\n<tbody>\n<tr>\n<td>RESINA<\/td>\n<td>Acrilica, Fenolica, Ureica<\/td>\n<\/tr>\n<tr>\n<td>FIOCCO<\/td>\n<td>Poliestere<\/td>\n<\/tr>\n<tr>\n<td>ABRASIVI<\/td>\n<td>Quarzo, Corindone, Polvere non abrasiva<\/td>\n<\/tr>\n<tr>\n<td>QUALITA&#8217;<\/td>\n<td>Speciale<\/td>\n<\/tr>\n<tr>\n<td>UTILIZZO<\/td>\n<td>Abrasiva, Non abrasiva<\/td>\n<\/tr>\n<tr>\n<td>FORMATI<\/td>\n<td>Rotoli, ruote, fogli, tamponi<\/td>\n<\/tr>\n<tr>\n<td>PESO<\/td>\n<td>da 450 g\/mq a 500 g\/mq<\/td>\n<\/tr>\n<tr>\n<td>SPESSORE<\/td>\n<td>4,5 mm<\/td>\n<\/tr>\n<tr>\n<td>COLORI<\/td>\n<td>Verde, Bianco<\/td>\n<\/tr>\n<\/tbody>\n<\/table>\n<p><\/p>","protected":false},"excerpt":{"rendered":"<p>Fibra stampata a pi\u00f9 colori con inchiostri ad elevata tenacit\u00e0. Disponibile sia in versione abrasiva (verde) che per superfici delicate (bianca). Possibilit\u00e0 di disegni personalizzati multicolore. fibra STAMPATA RESINA Acrilica, Fenolica, Ureica FIOCCO Poliestere ABRASIVI Quarzo, Corindone, Polvere non abrasiva QUALITA&#8217; Speciale UTILIZZO Abrasiva, Non abrasiva FORMATI Rotoli, ruote, fogli, tamponi PESO da 450 g\/mq [&hellip;]<\/p>\n","protected":false},"author":4,"featured_media":5270,"parent":343,"menu_order":0,"comment_status":"open","ping_status":"open","template":"","meta":{"_acf_changed":false,"ocean_post_layout":"","ocean_both_sidebars_style":"","ocean_both_sidebars_content_width":0,"ocean_both_sidebars_sidebars_width":0,"ocean_sidebar":"","ocean_second_sidebar":"","ocean_disable_margins":"enable","ocean_add_body_class":"","ocean_shortcode_before_top_bar":"","ocean_shortcode_after_top_bar":"","ocean_shortcode_before_header":"","ocean_shortcode_after_header":"","ocean_has_shortcode":"","ocean_shortcode_after_title":"","ocean_shortcode_before_footer_widgets":"","ocean_shortcode_after_footer_widgets":"","ocean_shortcode_before_footer_bottom":"","ocean_shortcode_after_footer_bottom":"","ocean_display_top_bar":"default","ocean_display_header":"default","ocean_header_style":"","ocean_center_header_left_menu":"","ocean_custom_header_template":"","ocean_custom_logo":0,"ocean_custom_retina_logo":0,"ocean_custom_logo_max_width":0,"ocean_custom_logo_tablet_max_width":0,"ocean_custom_logo_mobile_max_width":0,"ocean_custom_logo_max_height":0,"ocean_custom_logo_tablet_max_height":0,"ocean_custom_logo_mobile_max_height":0,"ocean_header_custom_menu":"","ocean_menu_typo_font_family":"","ocean_menu_typo_font_subset":"","ocean_menu_typo_font_size":0,"ocean_menu_typo_font_size_tablet":0,"ocean_menu_typo_font_size_mobile":0,"ocean_menu_typo_font_size_unit":"px","ocean_menu_typo_font_weight":"","ocean_menu_typo_font_weight_tablet":"","ocean_menu_typo_font_weight_mobile":"","ocean_menu_typo_transform":"","ocean_menu_typo_transform_tablet":"","ocean_menu_typo_transform_mobile":"","ocean_menu_typo_line_height":0,"ocean_menu_typo_line_height_tablet":0,"ocean_menu_typo_line_height_mobile":0,"ocean_menu_typo_line_height_unit":"","ocean_menu_typo_spacing":0,"ocean_menu_typo_spacing_tablet":0,"ocean_menu_typo_spacing_mobile":0,"ocean_menu_typo_spacing_unit":"","ocean_menu_link_color":"","ocean_menu_link_color_hover":"","ocean_menu_link_color_active":"","ocean_menu_link_background":"","ocean_menu_link_hover_background":"","ocean_menu_link_active_background":"","ocean_menu_social_links_bg":"","ocean_menu_social_hover_links_bg":"","ocean_menu_social_links_color":"","ocean_menu_social_hover_links_color":"","ocean_disable_title":"default","ocean_disable_heading":"default","ocean_post_title":"","ocean_post_subheading":"","ocean_post_title_style":"","ocean_post_title_background_color":"","ocean_post_title_background":0,"ocean_post_title_bg_image_position":"","ocean_post_title_bg_image_attachment":"","ocean_post_title_bg_image_repeat":"","ocean_post_title_bg_image_size":"","ocean_post_title_height":0,"ocean_post_title_bg_overlay":0.5,"ocean_post_title_bg_overlay_color":"","ocean_disable_breadcrumbs":"default","ocean_breadcrumbs_color":"","ocean_breadcrumbs_separator_color":"","ocean_breadcrumbs_links_color":"","ocean_breadcrumbs_links_hover_color":"","ocean_display_footer_widgets":"default","ocean_display_footer_bottom":"default","ocean_custom_footer_template":"","footnotes":""},"cat-professionale":[],"cat-industriale":[],"class_list":["post-2574","page","type-page","status-publish","has-post-thumbnail","hentry","entry","has-media"],"acf":[],"_links":{"self":[{"href":"https:\/\/www.corazzi.com\/it\/wp-json\/wp\/v2\/pages\/2574","targetHints":{"allow":["GET"]}}],"collection":[{"href":"https:\/\/www.corazzi.com\/it\/wp-json\/wp\/v2\/pages"}],"about":[{"href":"https:\/\/www.corazzi.com\/it\/wp-json\/wp\/v2\/types\/page"}],"author":[{"embeddable":true,"href":"https:\/\/www.corazzi.com\/it\/wp-json\/wp\/v2\/users\/4"}],"replies":[{"embeddable":true,"href":"https:\/\/www.corazzi.com\/it\/wp-json\/wp\/v2\/comments?post=2574"}],"version-history":[{"count":0,"href":"https:\/\/www.corazzi.com\/it\/wp-json\/wp\/v2\/pages\/2574\/revisions"}],"up":[{"embeddable":true,"href":"https:\/\/www.corazzi.com\/it\/wp-json\/wp\/v2\/pages\/343"}],"wp:featuredmedia":[{"embeddable":true,"href":"https:\/\/www.corazzi.com\/it\/wp-json\/wp\/v2\/media\/5270"}],"wp:attachment":[{"href":"https:\/\/www.corazzi.com\/it\/wp-json\/wp\/v2\/media?parent=2574"}],"wp:term":[{"taxonomy":"cat-professionale","embeddable":true,"href":"https:\/\/www.corazzi.com\/it\/wp-json\/wp\/v2\/cat-professionale?post=2574"},{"taxonomy":"cat-industriale","embeddable":true,"href":"https:\/\/www.corazzi.com\/it\/wp-json\/wp\/v2\/cat-industriale?post=2574"}],"curies":[{"name":"wp","href":"https:\/\/api.w.org\/{rel}","templated":true}]}}