{"id":367,"date":"2014-01-15T10:30:18","date_gmt":"2014-01-15T09:30:18","guid":{"rendered":"https:\/\/www.corazzi.it\/?page_id=367"},"modified":"2024-01-11T12:53:53","modified_gmt":"2024-01-11T11:53:53","slug":"dischi","status":"publish","type":"page","link":"https:\/\/www.corazzi.com\/it\/pulizia-professionale\/pro-rivenditori\/dischi\/","title":{"rendered":"Dischi Pavimenti"},"content":{"rendered":"<p style=\"text-align: justify;\">La linea di Dischi per pavimenti Corazzi \u00e8 realizzata con tecnologia Rando, cos\u00ec da garantire i migliori risultati di tenacit\u00e0 del \u201ctessuto non tessuto\u201d, e con le migliori tecniche di spruzzatura ed impregnazione tali da consentire una ottimale distribuzione\u00a0<img decoding=\"async\" class=\"size-full wp-image-5834 alignright\" src=\"https:\/\/www.corazzi.com\/wp-content\/uploads\/2014\/01\/Dischi-rossi-in-scatola-Corazzi1.jpg\" alt=\"Dischi-rossi-in-scatola-Corazzi\" width=\"200\" height=\"84\" \/> dei granuli abrasivi anche nello spessore, ottenendo cos\u00ec le migliori prestazioni in tutte le operazioni di pulizia dei pavimenti. Nei dischi Nero, Verde, Blu e Rosso utilizziamo <strong>100% Nylon<\/strong> per aumentare le prestazioni e la durata dei dischi stessi. Per il disco Marrone utilizziamo una particolare struttura in Poliestere ad alta densit\u00e0 di resina e minerale per avere una maggiore resistenza nell&#8217;uso con acidi.<\/p>\n<p style=\"text-align: justify;\">I dischi con diametro 6,5 in (165 mm) &#8211; 8 in (203 mm) &#8211; 8,5 in (216 mm) &#8211; 13,5 in (343 mm) &#8211; 24 in (610 mm) non sono disponibili solitamente a stock ed \u00e8 richiesto un minimo di 10 scatole per ordine\/consegna.<\/p>\n","protected":false},"excerpt":{"rendered":"<p>Gamma completa di dischi, realizzati con tecnologia Rando, per ogni operazione di pulizia e trattamento dei pavimenti.<\/p>\n","protected":false},"author":1,"featured_media":6854,"parent":514,"menu_order":1,"comment_status":"open","ping_status":"closed","template":"","meta":{"_acf_changed":false,"ocean_post_layout":"","ocean_both_sidebars_style":"","ocean_both_sidebars_content_width":0,"ocean_both_sidebars_sidebars_width":0,"ocean_sidebar":"","ocean_second_sidebar":"","ocean_disable_margins":"enable","ocean_add_body_class":"","ocean_shortcode_before_top_bar":"","ocean_shortcode_after_top_bar":"","ocean_shortcode_before_header":"","ocean_shortcode_after_header":"","ocean_has_shortcode":"","ocean_shortcode_after_title":"","ocean_shortcode_before_footer_widgets":"","ocean_shortcode_after_footer_widgets":"","ocean_shortcode_before_footer_bottom":"","ocean_shortcode_after_footer_bottom":"","ocean_display_top_bar":"default","ocean_display_header":"default","ocean_header_style":"","ocean_center_header_left_menu":"","ocean_custom_header_template":"","ocean_custom_logo":0,"ocean_custom_retina_logo":0,"ocean_custom_logo_max_width":0,"ocean_custom_logo_tablet_max_width":0,"ocean_custom_logo_mobile_max_width":0,"ocean_custom_logo_max_height":0,"ocean_custom_logo_tablet_max_height":0,"ocean_custom_logo_mobile_max_height":0,"ocean_header_custom_menu":"","ocean_menu_typo_font_family":"","ocean_menu_typo_font_subset":"","ocean_menu_typo_font_size":0,"ocean_menu_typo_font_size_tablet":0,"ocean_menu_typo_font_size_mobile":0,"ocean_menu_typo_font_size_unit":"px","ocean_menu_typo_font_weight":"","ocean_menu_typo_font_weight_tablet":"","ocean_menu_typo_font_weight_mobile":"","ocean_menu_typo_transform":"","ocean_menu_typo_transform_tablet":"","ocean_menu_typo_transform_mobile":"","ocean_menu_typo_line_height":0,"ocean_menu_typo_line_height_tablet":0,"ocean_menu_typo_line_height_mobile":0,"ocean_menu_typo_line_height_unit":"","ocean_menu_typo_spacing":0,"ocean_menu_typo_spacing_tablet":0,"ocean_menu_typo_spacing_mobile":0,"ocean_menu_typo_spacing_unit":"","ocean_menu_link_color":"","ocean_menu_link_color_hover":"","ocean_menu_link_color_active":"","ocean_menu_link_background":"","ocean_menu_link_hover_background":"","ocean_menu_link_active_background":"","ocean_menu_social_links_bg":"","ocean_menu_social_hover_links_bg":"","ocean_menu_social_links_color":"","ocean_menu_social_hover_links_color":"","ocean_disable_title":"default","ocean_disable_heading":"default","ocean_post_title":"","ocean_post_subheading":"","ocean_post_title_style":"","ocean_post_title_background_color":"","ocean_post_title_background":0,"ocean_post_title_bg_image_position":"","ocean_post_title_bg_image_attachment":"","ocean_post_title_bg_image_repeat":"","ocean_post_title_bg_image_size":"","ocean_post_title_height":0,"ocean_post_title_bg_overlay":0.5,"ocean_post_title_bg_overlay_color":"","ocean_disable_breadcrumbs":"default","ocean_breadcrumbs_color":"","ocean_breadcrumbs_separator_color":"","ocean_breadcrumbs_links_color":"","ocean_breadcrumbs_links_hover_color":"","ocean_display_footer_widgets":"default","ocean_display_footer_bottom":"default","ocean_custom_footer_template":"","footnotes":""},"cat-professionale":[],"cat-industriale":[],"class_list":["post-367","page","type-page","status-publish","has-post-thumbnail","hentry","entry","has-media"],"acf":[],"_links":{"self":[{"href":"https:\/\/www.corazzi.com\/it\/wp-json\/wp\/v2\/pages\/367","targetHints":{"allow":["GET"]}}],"collection":[{"href":"https:\/\/www.corazzi.com\/it\/wp-json\/wp\/v2\/pages"}],"about":[{"href":"https:\/\/www.corazzi.com\/it\/wp-json\/wp\/v2\/types\/page"}],"author":[{"embeddable":true,"href":"https:\/\/www.corazzi.com\/it\/wp-json\/wp\/v2\/users\/1"}],"replies":[{"embeddable":true,"href":"https:\/\/www.corazzi.com\/it\/wp-json\/wp\/v2\/comments?post=367"}],"version-history":[{"count":0,"href":"https:\/\/www.corazzi.com\/it\/wp-json\/wp\/v2\/pages\/367\/revisions"}],"up":[{"embeddable":true,"href":"https:\/\/www.corazzi.com\/it\/wp-json\/wp\/v2\/pages\/514"}],"wp:featuredmedia":[{"embeddable":true,"href":"https:\/\/www.corazzi.com\/it\/wp-json\/wp\/v2\/media\/6854"}],"wp:attachment":[{"href":"https:\/\/www.corazzi.com\/it\/wp-json\/wp\/v2\/media?parent=367"}],"wp:term":[{"taxonomy":"cat-professionale","embeddable":true,"href":"https:\/\/www.corazzi.com\/it\/wp-json\/wp\/v2\/cat-professionale?post=367"},{"taxonomy":"cat-industriale","embeddable":true,"href":"https:\/\/www.corazzi.com\/it\/wp-json\/wp\/v2\/cat-industriale?post=367"}],"curies":[{"name":"wp","href":"https:\/\/api.w.org\/{rel}","templated":true}]}}