{"id":45,"date":"2013-07-15T14:51:25","date_gmt":"2013-07-15T12:51:25","guid":{"rendered":"https:\/\/www.corazzi.it\/?page_id=45"},"modified":"2024-10-31T10:09:26","modified_gmt":"2024-10-31T09:09:26","slug":"privacy","status":"publish","type":"page","link":"https:\/\/www.corazzi.com\/it\/privacy\/","title":{"rendered":"Privacy"},"content":{"rendered":"<h1 class=\"wp-block-post-title\">Privacy<\/h1>\n\n<p>INFORMATIVA SULLA PRIVACY<br \/>Data ultimo aggiornamento: Ottobre 2024<\/p>\n<p style=\"text-align: justify;\">Corazzi Fibre S.r.l. si impegna a proteggere la privacy degli utenti del proprio sito web di seguito denominato &#8220;sito Corazzi&#8221; relativo al servizio di <strong>www.corazzi.it<\/strong> <strong>\u2013 <\/strong> <strong>www.corazzi.com \u2013 www.corazzi.eu \u2013 www.corazzi.asia \u2013 www.corazzi.cn \u2013 www.corazzi.ru \u2013 www.corazzi.ir \u2013 www.corazzi.in \u2013 www.corazzifibre.it \u2013 www.corazzifibre.com \u2013 www.corazzifibre.eu \u2013 www.prodottipuliziaprofessionale.it<\/strong>..<\/p>\n<p style=\"text-align: justify;\">La presente informativa sulla privacy descrive la modalit\u00e0 di raccolta online e di utilizzo dei dati. L&#8217;utilizzo del &#8220;sito Corazzi&#8221; implica che l&#8217;utente sia a conoscenza e abbia accettato i termini della presente informativa. Il &#8220;sito Corazzi&#8221; \u00e8 di esclusiva propriet\u00e0 di Corazzi Fibre S.r.l. ed \u00e8 accessibile dagli utenti dell&#8217;Italia e di altri paesi. In merito alla protezione dei dati, Corazzi Fibre S.r.l. \u00a0\u00e8 responsabile del controllo e, se non diversamente specificato, dell&#8217;elaborazione dei dati.<\/p>\n<p style=\"text-align: justify;\"><span style=\"text-decoration: underline;\">1. Raccolta dei dati personali.<\/span><br \/>Quando un utente visita il &#8220;sito Corazzi&#8221;, alcune informazioni, ad esempio il sito web dal quale l&#8217;utente \u00e8 stato re-indirizzato, l&#8217;indirizzo IP del computer dell&#8217;utente, il tipo di browser e la lingua e gli orari di accesso, possono essere raccolte automaticamente come previsto dal funzionamento del &#8220;sito Corazzi&#8221;. \u00c8 possibile inoltre che vengano raccolte informazioni sulla navigazione, incluse le pagine visualizzate dall&#8217;utente, i collegamenti selezionati e altre azioni correlate all&#8217;utilizzo del &#8220;sito Corazzi&#8221;. Tali informazioni possono essere associate ai dati personali forniti dall&#8217;utente. L&#8217;utente ha sempre la possibilit\u00e0 di scegliere di non fornire i propri dati personali ma, in tal caso, alcuni prodotti e servizi potrebbero non essere disponibili. I dati personali vengono memorizzati al momento della registrazione, necessaria per richiedere informazioni e l\u2019invio di cataloghi.<\/p>\n<p style=\"text-align: justify;\"><span style=\"text-decoration: underline;\">2. Protezione dei dati personali<\/span><br \/>Corazzi Fibre S.r.l. \u00a0raccoglie e utilizza i dati personali dell&#8217;utente per ottimizzare il funzionamento del &#8220;sito Corazzi&#8221;, elaborare transazioni, fornire assistenza, eseguire ricerche e analisi finalizzate a migliorare l&#8217;offerta di prodotti\/servizi\/tecnologie e per consentire all&#8217;utente di visualizzare contenuti adatti agli interessi e alle preferenze personali. I dati personali vengono inoltre utilizzati per le comunicazioni all&#8217;utente. Corazzi Fibre S.r.l. \u00a0pu\u00f2 inviare comunicazioni relative alle transazioni, ad esempio lettere di benvenuto.<\/p>\n<p style=\"text-align: justify;\"><span style=\"text-decoration: underline;\">3. Condivisione dei dati personali<\/span><br \/>Fatta eccezione per quanto menzionato nella presente informativa sulla privacy, Corazzi Fibre S.r.l. \u00a0non condivide i dati personali dell&#8217;utente con terzi.<\/p>\n<p style=\"text-align: justify;\"><span style=\"text-decoration: underline;\">4. Accesso ai dati personali<\/span><br \/>\u00c8 possibile rivolgersi al servizio clienti per apportare modifiche ai dati, nonch\u00e9 per esercitare il diritto a richiedere la cancellazione dei dati personali, contattando l&#8217;indirizzo <a href=\"mailto:accounting@corazzi.com\">accounting@corazzi.com<\/a>.<\/p>\n<p style=\"text-align: justify;\"><span style=\"text-decoration: underline;\">5. Preferenze sui dati personali<\/span><br \/>Corazzi Fibre S.r.l. per il proprio &#8220;sito Corazzi&#8221; rispetta il diritto dell&#8217;utente di scegliere le modalit\u00e0 di utilizzo e divulgazione dei propri dati personali. Qualora l&#8217;utente decida, in qualsiasi momento, di non ricevere comunicazioni di marketing dal &#8220;sito Corazzi&#8221; \u00e8 invitato a informarne la societ\u00e0 Corazzi Fibre S.r.l. inviando un messaggio e-mail a <a href=\"mailto:accounting@corazzi.com\">accounting@corazzi.com<\/a>.<\/p>\n<p style=\"text-align: justify;\"><span style=\"text-decoration: underline;\">6. Protezione dei dati personali<\/span><br \/>Corazzi Fibre S.r.l. si attiene agli standard approvati dal settore per proteggere tali dati. I metodi di trasmissione tramite Internet e di archiviazione elettronica, tuttavia, non sono mai sicuri al 100%, pertanto, bench\u00e9 Corazzi Fibre S.r.l. compia ogni ragionevole sforzo per proteggere i dati personali degli utenti, non pu\u00f2 garantirne la protezione assoluta. Per rimuovere un contenuto pubblicato in qualsiasi momento, scrivere a Corazzi Fibre S.r.l. all&#8217;indirizzo <a href=\"mailto:accounting@corazzi.com\">accounting@corazzi.com<\/a>. La rimozione di contenuti pubblicati in un&#8217;area interattiva non implica che tali contenuti vengano eliminati completamente dai sistemi di Corazzi Fibre S.r.l..<\/p>\n<p style=\"text-align: justify;\"><span style=\"text-decoration: underline;\">7. Collegamenti<\/span><br \/>Il &#8220;sito Corazzi&#8221; pu\u00f2 contenere collegamenti ad altri siti Web, inclusi i siti dei provider di contenuti esterni, i quali adottano informative e pratiche sulla privacy diverse da quelle descritte nel presente documento. Corazzi Fibre S.r.l. non si assume alcuna responsabilit\u00e0 per le informative o le pratiche dei siti collegati e invita l&#8217;utente a prenderne visione prima di utilizzare tali siti.<\/p>\n<p style=\"text-align: justify;\"><span style=\"text-decoration: underline;\">8. Modifiche alla presente Informativa sulla privacy<\/span><br \/>La societ\u00e0 si riserva il diritto di modificare i termini della presente informativa sulla privacy in qualsiasi momento. Qualora l&#8217;informativa venga modificata, Corazzi Fibre S.r.l. modificher\u00e0 la data relativa all'&#8221;ultimo aggiornamento&#8221;, riportata all&#8217;inizio del documento.<\/p>\n<p style=\"text-align: justify;\"><span style=\"text-decoration: underline;\">9. Titolare del trattamento<\/span><br \/>Il titolare del trattamento \u00e8: Corazzi Fibre S.r.l., Via Paolo Corazzi, 2 \u2013 26100 Cremona &#8211; Italia<\/p>","protected":false},"excerpt":{"rendered":"<p>INFORMATIVA SULLA PRIVACYData ultimo aggiornamento: Ottobre 2024 Corazzi Fibre S.r.l. si impegna a proteggere la privacy degli utenti del proprio sito web di seguito denominato &#8220;sito Corazzi&#8221; relativo al servizio di www.corazzi.it \u2013 www.corazzi.com \u2013 www.corazzi.eu \u2013 www.corazzi.asia \u2013 www.corazzi.cn \u2013 www.corazzi.ru \u2013 www.corazzi.ir \u2013 www.corazzi.in \u2013 www.corazzifibre.it \u2013 www.corazzifibre.com \u2013 www.corazzifibre.eu \u2013 www.prodottipuliziaprofessionale.it.. La [&hellip;]<\/p>\n","protected":false},"author":1,"featured_media":0,"parent":0,"menu_order":0,"comment_status":"open","ping_status":"open","template":"","meta":{"_acf_changed":false,"ocean_post_layout":"","ocean_both_sidebars_style":"","ocean_both_sidebars_content_width":0,"ocean_both_sidebars_sidebars_width":0,"ocean_sidebar":"","ocean_second_sidebar":"","ocean_disable_margins":"enable","ocean_add_body_class":"","ocean_shortcode_before_top_bar":"","ocean_shortcode_after_top_bar":"","ocean_shortcode_before_header":"","ocean_shortcode_after_header":"","ocean_has_shortcode":"","ocean_shortcode_after_title":"","ocean_shortcode_before_footer_widgets":"","ocean_shortcode_after_footer_widgets":"","ocean_shortcode_before_footer_bottom":"","ocean_shortcode_after_footer_bottom":"","ocean_display_top_bar":"default","ocean_display_header":"default","ocean_header_style":"","ocean_center_header_left_menu":"","ocean_custom_header_template":"","ocean_custom_logo":0,"ocean_custom_retina_logo":0,"ocean_custom_logo_max_width":0,"ocean_custom_logo_tablet_max_width":0,"ocean_custom_logo_mobile_max_width":0,"ocean_custom_logo_max_height":0,"ocean_custom_logo_tablet_max_height":0,"ocean_custom_logo_mobile_max_height":0,"ocean_header_custom_menu":"","ocean_menu_typo_font_family":"","ocean_menu_typo_font_subset":"","ocean_menu_typo_font_size":0,"ocean_menu_typo_font_size_tablet":0,"ocean_menu_typo_font_size_mobile":0,"ocean_menu_typo_font_size_unit":"px","ocean_menu_typo_font_weight":"","ocean_menu_typo_font_weight_tablet":"","ocean_menu_typo_font_weight_mobile":"","ocean_menu_typo_transform":"","ocean_menu_typo_transform_tablet":"","ocean_menu_typo_transform_mobile":"","ocean_menu_typo_line_height":0,"ocean_menu_typo_line_height_tablet":0,"ocean_menu_typo_line_height_mobile":0,"ocean_menu_typo_line_height_unit":"","ocean_menu_typo_spacing":0,"ocean_menu_typo_spacing_tablet":0,"ocean_menu_typo_spacing_mobile":0,"ocean_menu_typo_spacing_unit":"","ocean_menu_link_color":"","ocean_menu_link_color_hover":"","ocean_menu_link_color_active":"","ocean_menu_link_background":"","ocean_menu_link_hover_background":"","ocean_menu_link_active_background":"","ocean_menu_social_links_bg":"","ocean_menu_social_hover_links_bg":"","ocean_menu_social_links_color":"","ocean_menu_social_hover_links_color":"","ocean_disable_title":"default","ocean_disable_heading":"default","ocean_post_title":"","ocean_post_subheading":"","ocean_post_title_style":"","ocean_post_title_background_color":"","ocean_post_title_background":0,"ocean_post_title_bg_image_position":"","ocean_post_title_bg_image_attachment":"","ocean_post_title_bg_image_repeat":"","ocean_post_title_bg_image_size":"","ocean_post_title_height":0,"ocean_post_title_bg_overlay":0.5,"ocean_post_title_bg_overlay_color":"","ocean_disable_breadcrumbs":"default","ocean_breadcrumbs_color":"","ocean_breadcrumbs_separator_color":"","ocean_breadcrumbs_links_color":"","ocean_breadcrumbs_links_hover_color":"","ocean_display_footer_widgets":"default","ocean_display_footer_bottom":"default","ocean_custom_footer_template":"","footnotes":""},"cat-professionale":[],"cat-industriale":[],"class_list":["post-45","page","type-page","status-publish","hentry","entry"],"acf":[],"_links":{"self":[{"href":"https:\/\/www.corazzi.com\/it\/wp-json\/wp\/v2\/pages\/45","targetHints":{"allow":["GET"]}}],"collection":[{"href":"https:\/\/www.corazzi.com\/it\/wp-json\/wp\/v2\/pages"}],"about":[{"href":"https:\/\/www.corazzi.com\/it\/wp-json\/wp\/v2\/types\/page"}],"author":[{"embeddable":true,"href":"https:\/\/www.corazzi.com\/it\/wp-json\/wp\/v2\/users\/1"}],"replies":[{"embeddable":true,"href":"https:\/\/www.corazzi.com\/it\/wp-json\/wp\/v2\/comments?post=45"}],"version-history":[{"count":0,"href":"https:\/\/www.corazzi.com\/it\/wp-json\/wp\/v2\/pages\/45\/revisions"}],"wp:attachment":[{"href":"https:\/\/www.corazzi.com\/it\/wp-json\/wp\/v2\/media?parent=45"}],"wp:term":[{"taxonomy":"cat-professionale","embeddable":true,"href":"https:\/\/www.corazzi.com\/it\/wp-json\/wp\/v2\/cat-professionale?post=45"},{"taxonomy":"cat-industriale","embeddable":true,"href":"https:\/\/www.corazzi.com\/it\/wp-json\/wp\/v2\/cat-industriale?post=45"}],"curies":[{"name":"wp","href":"https:\/\/api.w.org\/{rel}","templated":true}]}}