{"id":47,"date":"2013-07-15T15:05:31","date_gmt":"2013-07-15T13:05:31","guid":{"rendered":"https:\/\/www.corazzi.it\/?page_id=47"},"modified":"2024-02-28T10:14:41","modified_gmt":"2024-02-28T09:14:41","slug":"azienda","status":"publish","type":"page","link":"https:\/\/www.corazzi.com\/it\/azienda\/","title":{"rendered":"Azienda"},"content":{"rendered":"\t\t<div data-elementor-type=\"wp-page\" data-elementor-id=\"47\" class=\"elementor elementor-47\" data-elementor-post-type=\"page\">\n\t\t\t\t<div class=\"elementor-element elementor-element-795055e8 e-flex e-con-boxed e-con e-parent\" data-id=\"795055e8\" data-element_type=\"container\" data-e-type=\"container\">\n\t\t\t\t\t<div class=\"e-con-inner\">\n\t\t\t\t<div class=\"elementor-element elementor-element-7b777dc elementor-widget elementor-widget-theme-post-title elementor-page-title elementor-widget-heading\" data-id=\"7b777dc\" data-element_type=\"widget\" data-e-type=\"widget\" data-widget_type=\"theme-post-title.default\">\n\t\t\t\t<div class=\"elementor-widget-container\">\n\t\t\t\t\t<h1 class=\"elementor-heading-title elementor-size-default\">Azienda<\/h1>\t\t\t\t<\/div>\n\t\t\t\t<\/div>\n\t\t\t\t<div class=\"elementor-element elementor-element-131032f4 elementor-hidden-desktop elementor-hidden-tablet elementor-hidden-mobile elementor-widget elementor-widget-text-editor\" data-id=\"131032f4\" data-element_type=\"widget\" data-e-type=\"widget\" data-widget_type=\"text-editor.default\">\n\t\t\t\t<div class=\"elementor-widget-container\">\n\t\t\t\t\t\t\t\t\t<p>La <b>Paolo Corazzi Fibre<\/b> viene fondata nel 1951 da Paolo Corazzi e ha come primaria attivit\u00e0 la produzione di lana di acciaio. Fin dall&#8217;inizio l\u2019azienda assume una dimensione internazionale che le consente, grazie ad una attenta analisi dei fabbisogni dei mercati, di diventare in breve tempo uno dei protagonisti nel campo della pulizia domestica.<\/p>\t\t\t\t\t\t\t\t<\/div>\n\t\t\t\t<\/div>\n\t\t\t\t<div class=\"elementor-element elementor-element-d7f2b92 elementor-hidden-desktop elementor-hidden-tablet elementor-hidden-mobile elementor-widget elementor-widget-text-editor\" data-id=\"d7f2b92\" data-element_type=\"widget\" data-e-type=\"widget\" data-widget_type=\"text-editor.default\">\n\t\t\t\t<div class=\"elementor-widget-container\">\n\t\t\t\t\t\t\t\t\t<p>Negli anni 70 Paolo Corazzi anticipa il cambiamento in atto nel settore e converte la propria tecnologia passando dalla lana d&#8217;acciaio alle nuove fibre abrasive a base di tessuto non tessuto, seguendo cos\u00ec il pi\u00f9 moderno trend dei consumi.<\/p><p>Negli anni 80 migliora costantemente e progressivamente la qualit\u00e0 delle proprie fibre diventando uno dei principali produttori del mercato. Nel 1996 l&#8217;azienda inaugura la nuova sede, localizzata sempre in Cremona, al fine di rispondere all&#8217;esigenza di maggiori spazi produttivi. Il layout del nuovo stabilimento (su piano unico) permette nuovi investimenti in attrezzature ed impianti produttivi, l\u2019ultimo dei quali \u00e8 del 2004 e sta consentendo di entrare in nuovi segmenti di mercato quali la pulizia professionale e gli impieghi industriali.<\/p><p>Dal 1997 la societ\u00e0 \u00e8 presente con uno stabilimento produttivo in Messico, a Guadalajara, potendo cos\u00ec arrivare al mercato centro e nord americano con vantaggi competitivi e logistici. Nel 2004 anche in Messico viene realizzata una nuova sede per far fronte alle maggiori richieste produttive.<\/p>\t\t\t\t\t\t\t\t<\/div>\n\t\t\t\t<\/div>\n\t\t\t\t<div class=\"elementor-element elementor-element-6759659 elementor-hidden-desktop elementor-hidden-tablet elementor-hidden-mobile elementor-widget elementor-widget-text-editor\" data-id=\"6759659\" data-element_type=\"widget\" data-e-type=\"widget\" data-widget_type=\"text-editor.default\">\n\t\t\t\t<div class=\"elementor-widget-container\">\n\t\t\t\t\t\t\t\t\t<p><img fetchpriority=\"high\" decoding=\"async\" class=\"alignleft\" style=\"border: 0px none;\" title=\"I nostri uffici\" src=\"https:\/\/www.corazzi.com\/wp-content\/uploads\/2013\/07\/company_01_bis.jpg\" alt=\"\" width=\"320\" height=\"210\" align=\"left\" border=\"0\" \/> <b>Corazzi Fibre<\/b> \u00e8 leader nella produzione di fibra abrasiva.<br \/>E\u2019 presente in oltre 70 paesi in tutto il mondo e l\u2019attuale fatturato \u00e8 generato per il 15% dal mercato italiano e per l&#8217;85% da mercati internazionali.<\/p><p>L\u2019azienda offre, oltre ad un servizio logistico con eccellente tempistica di consegna, flessibilit\u00e0 produttiva ed una elevata capacit\u00e0 di personalizzazione dei prodotti semilavorati e finiti.<\/p><p>Corazzi Fibre \u00e8 situata nel Nord Italia a Cremona, a 100 Km da Milano, vicino alle principali autostrade e non lontana dalle pi\u00f9 importanti destinazioni europee.<\/p>\t\t\t\t\t\t\t\t<\/div>\n\t\t\t\t<\/div>\n\t\t\t\t<div class=\"elementor-element elementor-element-c38de00 elementor-hidden-desktop elementor-hidden-tablet elementor-hidden-mobile elementor-widget elementor-widget-text-editor\" data-id=\"c38de00\" data-element_type=\"widget\" data-e-type=\"widget\" data-widget_type=\"text-editor.default\">\n\t\t\t\t<div class=\"elementor-widget-container\">\n\t\t\t\t\t\t\t\t\t<p><img decoding=\"async\" class=\"alignleft\" style=\"border: 0px none;\" src=\"https:\/\/www.corazzi.com\/wp-content\/uploads\/2013\/07\/company_02.jpg\" alt=\"\" width=\"200\" height=\"300\" align=\"left\" border=\"0\" \/> <b>MISSION<\/b><br \/>Essere il partner primario di riferimento per aziende industriali e della distribuzione quale fornitore di prodotti a base di fibra abrasiva, sia semilavorati che finiti.<\/p><p><b>CARATTERISTICHE<\/b><br \/>Velocit\u00e0, Flessibilit\u00e0, Apprendimento.<\/p>\t\t\t\t\t\t\t\t<\/div>\n\t\t\t\t<\/div>\n\t\t\t\t\t<\/div>\n\t\t\t\t<\/div>\n\t\t<div class=\"elementor-element elementor-element-3ad4a52 e-flex e-con-boxed e-con e-parent\" data-id=\"3ad4a52\" data-element_type=\"container\" data-e-type=\"container\">\n\t\t\t\t\t<div class=\"e-con-inner\">\n\t\t\t\t<div class=\"elementor-element elementor-element-3439924 elementor-grid-2 elementor-grid-tablet-2 elementor-grid-mobile-1 elementor-posts--thumbnail-top elementor-widget elementor-widget-posts\" data-id=\"3439924\" data-element_type=\"widget\" data-e-type=\"widget\" data-settings=\"{&quot;classic_columns&quot;:&quot;2&quot;,&quot;classic_columns_tablet&quot;:&quot;2&quot;,&quot;classic_columns_mobile&quot;:&quot;1&quot;,&quot;classic_row_gap&quot;:{&quot;unit&quot;:&quot;px&quot;,&quot;size&quot;:35,&quot;sizes&quot;:[]},&quot;classic_row_gap_widescreen&quot;:{&quot;unit&quot;:&quot;px&quot;,&quot;size&quot;:&quot;&quot;,&quot;sizes&quot;:[]},&quot;classic_row_gap_laptop&quot;:{&quot;unit&quot;:&quot;px&quot;,&quot;size&quot;:&quot;&quot;,&quot;sizes&quot;:[]},&quot;classic_row_gap_tablet_extra&quot;:{&quot;unit&quot;:&quot;px&quot;,&quot;size&quot;:&quot;&quot;,&quot;sizes&quot;:[]},&quot;classic_row_gap_tablet&quot;:{&quot;unit&quot;:&quot;px&quot;,&quot;size&quot;:&quot;&quot;,&quot;sizes&quot;:[]},&quot;classic_row_gap_mobile_extra&quot;:{&quot;unit&quot;:&quot;px&quot;,&quot;size&quot;:&quot;&quot;,&quot;sizes&quot;:[]},&quot;classic_row_gap_mobile&quot;:{&quot;unit&quot;:&quot;px&quot;,&quot;size&quot;:&quot;&quot;,&quot;sizes&quot;:[]}}\" data-widget_type=\"posts.classic\">\n\t\t\t\t<div class=\"elementor-widget-container\">\n\t\t\t\t\t\t\t<div class=\"elementor-posts-container elementor-posts elementor-posts--skin-classic elementor-grid\" role=\"list\">\n\t\t\t\t<article class=\"elementor-post elementor-grid-item post-7780 page type-page status-publish has-post-thumbnail hentry entry has-media\" role=\"listitem\">\n\t\t\t\t<a class=\"elementor-post__thumbnail__link\" href=\"https:\/\/www.corazzi.com\/it\/azienda\/storia\/\" tabindex=\"-1\" >\n\t\t\t<div class=\"elementor-post__thumbnail\"><img decoding=\"async\" width=\"280\" height=\"182\" src=\"https:\/\/www.corazzi.com\/wp-content\/uploads\/2015\/10\/Fabbrica-vecchia.png\" class=\"attachment-full size-full wp-image-8423\" alt=\"\" \/><\/div>\n\t\t<\/a>\n\t\t\t\t<div class=\"elementor-post__text\">\n\t\t\t\t<h2 class=\"elementor-post__title\">\n\t\t\t<a href=\"https:\/\/www.corazzi.com\/it\/azienda\/storia\/\" >\n\t\t\t\tStoria\t\t\t<\/a>\n\t\t<\/h2>\n\t\t\t\t<div class=\"elementor-post__excerpt\">\n\t\t\t<p>Corazzi Fibre, fondata a Cremona nel 1951, \u00e8 oggi tra i protagonisti a livello mondiale nella produzione di prodotti per la pulizia domestica, professionale e per le lavorazioni industriali.<\/p>\n\t\t<\/div>\n\t\t\n\t\t<a class=\"elementor-post__read-more\" href=\"https:\/\/www.corazzi.com\/it\/azienda\/storia\/\" aria-label=\"Leggi tutto Storia\" tabindex=\"-1\" >\n\t\t\tLeggi Tutto \u00bb\t\t<\/a>\n\n\t\t\t\t<\/div>\n\t\t\t\t<\/article>\n\t\t\t\t<article class=\"elementor-post elementor-grid-item post-1032 page type-page status-publish has-post-thumbnail hentry entry has-media\" role=\"listitem\">\n\t\t\t\t<a class=\"elementor-post__thumbnail__link\" href=\"https:\/\/www.corazzi.com\/it\/azienda\/laboratorio\/\" tabindex=\"-1\" >\n\t\t\t<div class=\"elementor-post__thumbnail\"><img loading=\"lazy\" decoding=\"async\" width=\"280\" height=\"182\" src=\"https:\/\/www.corazzi.com\/wp-content\/uploads\/2013\/08\/Ricerca.png\" class=\"attachment-full size-full wp-image-8418\" alt=\"\" \/><\/div>\n\t\t<\/a>\n\t\t\t\t<div class=\"elementor-post__text\">\n\t\t\t\t<h2 class=\"elementor-post__title\">\n\t\t\t<a href=\"https:\/\/www.corazzi.com\/it\/azienda\/laboratorio\/\" >\n\t\t\t\tQualit\u00e0 e Innovazione\t\t\t<\/a>\n\t\t<\/h2>\n\t\t\t\t<div class=\"elementor-post__excerpt\">\n\t\t\t<p>La qualit\u00e0 dei prodotti, il livello di servizio al cliente e l\u2019innovazione sono un impegno quotidiano per l\u2019intero nostro staff e fanno di Corazzi il vostro partner ideale per ogni esigenza di non tessuti abrasivi.<\/p>\n\t\t<\/div>\n\t\t\n\t\t<a class=\"elementor-post__read-more\" href=\"https:\/\/www.corazzi.com\/it\/azienda\/laboratorio\/\" aria-label=\"Leggi tutto Qualit\u00e0 e Innovazione\" tabindex=\"-1\" >\n\t\t\tLeggi Tutto \u00bb\t\t<\/a>\n\n\t\t\t\t<\/div>\n\t\t\t\t<\/article>\n\t\t\t\t<article class=\"elementor-post elementor-grid-item post-1075 page type-page status-publish has-post-thumbnail hentry entry has-media\" role=\"listitem\">\n\t\t\t\t<a class=\"elementor-post__thumbnail__link\" href=\"https:\/\/www.corazzi.com\/it\/azienda\/produzione\/\" tabindex=\"-1\" >\n\t\t\t<div class=\"elementor-post__thumbnail\"><img loading=\"lazy\" decoding=\"async\" width=\"280\" height=\"182\" src=\"https:\/\/www.corazzi.com\/wp-content\/uploads\/2013\/08\/Impianto-produzione.png\" class=\"attachment-full size-full wp-image-8413\" alt=\"\" \/><\/div>\n\t\t<\/a>\n\t\t\t\t<div class=\"elementor-post__text\">\n\t\t\t\t<h2 class=\"elementor-post__title\">\n\t\t\t<a href=\"https:\/\/www.corazzi.com\/it\/azienda\/produzione\/\" >\n\t\t\t\tProduzione\t\t\t<\/a>\n\t\t<\/h2>\n\t\t\t\t<div class=\"elementor-post__excerpt\">\n\t\t\t<p>Gli impianti Corazzi per la produzione di fibre abrasive sono tra i pi\u00f9 grandi e moderni d\u2019Europa e si sviluppano su una superficie di 18.000 mq coperti distribuiti su un&#8217;area complessiva di 35.000 mq.<\/p>\n\t\t<\/div>\n\t\t\n\t\t<a class=\"elementor-post__read-more\" href=\"https:\/\/www.corazzi.com\/it\/azienda\/produzione\/\" aria-label=\"Leggi tutto Produzione\" tabindex=\"-1\" >\n\t\t\tLeggi Tutto \u00bb\t\t<\/a>\n\n\t\t\t\t<\/div>\n\t\t\t\t<\/article>\n\t\t\t\t<article class=\"elementor-post elementor-grid-item post-127 page type-page status-publish has-post-thumbnail hentry entry has-media\" role=\"listitem\">\n\t\t\t\t<a class=\"elementor-post__thumbnail__link\" href=\"https:\/\/www.corazzi.com\/it\/azienda\/partners\/\" tabindex=\"-1\" >\n\t\t\t<div class=\"elementor-post__thumbnail\"><img loading=\"lazy\" decoding=\"async\" width=\"280\" height=\"182\" src=\"https:\/\/www.corazzi.com\/wp-content\/uploads\/2013\/07\/Vantex-Messico1.png\" class=\"attachment-full size-full wp-image-8432\" alt=\"\" \/><\/div>\n\t\t<\/a>\n\t\t\t\t<div class=\"elementor-post__text\">\n\t\t\t\t<h2 class=\"elementor-post__title\">\n\t\t\t<a href=\"https:\/\/www.corazzi.com\/it\/azienda\/partners\/\" >\n\t\t\t\tPartners\t\t\t<\/a>\n\t\t<\/h2>\n\t\t\t\t<div class=\"elementor-post__excerpt\">\n\t\t\t<p>Corazzi Fibre ha costituito in Messico nel 1997 la joint venture Vantex S.A. de C.V. che, nel 2003, ha acquisito la societ\u00e0 di distribuzione per il mercato messicano Super Lustre S.A. de C.V.<\/p>\n\t\t<\/div>\n\t\t\n\t\t<a class=\"elementor-post__read-more\" href=\"https:\/\/www.corazzi.com\/it\/azienda\/partners\/\" aria-label=\"Leggi tutto Partners\" tabindex=\"-1\" >\n\t\t\tLeggi Tutto \u00bb\t\t<\/a>\n\n\t\t\t\t<\/div>\n\t\t\t\t<\/article>\n\t\t\t\t<\/div>\n\t\t\n\t\t\t\t\t\t<\/div>\n\t\t\t\t<\/div>\n\t\t\t\t\t<\/div>\n\t\t\t\t<\/div>\n\t\t\t\t<\/div>\n\t\t","protected":false},"excerpt":{"rendered":"<p>La Paolo Corazzi Fibre viene fondata nel 1951 da Paolo Corazzi e ha come primaria attivit\u00e0 la produzione di lana di acciaio. Fin dall&#8217;inizio l\u2019azienda assume una dimensione internazionale che le consente, grazie ad una attenta analisi dei fabbisogni dei mercati, di diventare in breve tempo uno dei protagonisti nel campo della pulizia domestica. Negli [&hellip;]<\/p>\n","protected":false},"author":1,"featured_media":0,"parent":0,"menu_order":0,"comment_status":"open","ping_status":"open","template":"","meta":{"_acf_changed":false,"ocean_post_layout":"","ocean_both_sidebars_style":"","ocean_both_sidebars_content_width":0,"ocean_both_sidebars_sidebars_width":0,"ocean_sidebar":"","ocean_second_sidebar":"","ocean_disable_margins":"enable","ocean_add_body_class":"","ocean_shortcode_before_top_bar":"","ocean_shortcode_after_top_bar":"","ocean_shortcode_before_header":"","ocean_shortcode_after_header":"","ocean_has_shortcode":"","ocean_shortcode_after_title":"","ocean_shortcode_before_footer_widgets":"","ocean_shortcode_after_footer_widgets":"","ocean_shortcode_before_footer_bottom":"","ocean_shortcode_after_footer_bottom":"","ocean_display_top_bar":"default","ocean_display_header":"default","ocean_header_style":"","ocean_center_header_left_menu":"","ocean_custom_header_template":"","ocean_custom_logo":0,"ocean_custom_retina_logo":0,"ocean_custom_logo_max_width":0,"ocean_custom_logo_tablet_max_width":0,"ocean_custom_logo_mobile_max_width":0,"ocean_custom_logo_max_height":0,"ocean_custom_logo_tablet_max_height":0,"ocean_custom_logo_mobile_max_height":0,"ocean_header_custom_menu":"","ocean_menu_typo_font_family":"","ocean_menu_typo_font_subset":"","ocean_menu_typo_font_size":0,"ocean_menu_typo_font_size_tablet":0,"ocean_menu_typo_font_size_mobile":0,"ocean_menu_typo_font_size_unit":"px","ocean_menu_typo_font_weight":"","ocean_menu_typo_font_weight_tablet":"","ocean_menu_typo_font_weight_mobile":"","ocean_menu_typo_transform":"","ocean_menu_typo_transform_tablet":"","ocean_menu_typo_transform_mobile":"","ocean_menu_typo_line_height":0,"ocean_menu_typo_line_height_tablet":0,"ocean_menu_typo_line_height_mobile":0,"ocean_menu_typo_line_height_unit":"","ocean_menu_typo_spacing":0,"ocean_menu_typo_spacing_tablet":0,"ocean_menu_typo_spacing_mobile":0,"ocean_menu_typo_spacing_unit":"","ocean_menu_link_color":"","ocean_menu_link_color_hover":"","ocean_menu_link_color_active":"","ocean_menu_link_background":"","ocean_menu_link_hover_background":"","ocean_menu_link_active_background":"","ocean_menu_social_links_bg":"","ocean_menu_social_hover_links_bg":"","ocean_menu_social_links_color":"","ocean_menu_social_hover_links_color":"","ocean_disable_title":"default","ocean_disable_heading":"default","ocean_post_title":"","ocean_post_subheading":"","ocean_post_title_style":"","ocean_post_title_background_color":"","ocean_post_title_background":0,"ocean_post_title_bg_image_position":"","ocean_post_title_bg_image_attachment":"","ocean_post_title_bg_image_repeat":"","ocean_post_title_bg_image_size":"","ocean_post_title_height":0,"ocean_post_title_bg_overlay":0.5,"ocean_post_title_bg_overlay_color":"","ocean_disable_breadcrumbs":"default","ocean_breadcrumbs_color":"","ocean_breadcrumbs_separator_color":"","ocean_breadcrumbs_links_color":"","ocean_breadcrumbs_links_hover_color":"","ocean_display_footer_widgets":"default","ocean_display_footer_bottom":"default","ocean_custom_footer_template":"","footnotes":""},"cat-professionale":[],"cat-industriale":[],"class_list":["post-47","page","type-page","status-publish","hentry","entry","has-media"],"acf":[],"_links":{"self":[{"href":"https:\/\/www.corazzi.com\/it\/wp-json\/wp\/v2\/pages\/47","targetHints":{"allow":["GET"]}}],"collection":[{"href":"https:\/\/www.corazzi.com\/it\/wp-json\/wp\/v2\/pages"}],"about":[{"href":"https:\/\/www.corazzi.com\/it\/wp-json\/wp\/v2\/types\/page"}],"author":[{"embeddable":true,"href":"https:\/\/www.corazzi.com\/it\/wp-json\/wp\/v2\/users\/1"}],"replies":[{"embeddable":true,"href":"https:\/\/www.corazzi.com\/it\/wp-json\/wp\/v2\/comments?post=47"}],"version-history":[{"count":0,"href":"https:\/\/www.corazzi.com\/it\/wp-json\/wp\/v2\/pages\/47\/revisions"}],"wp:attachment":[{"href":"https:\/\/www.corazzi.com\/it\/wp-json\/wp\/v2\/media?parent=47"}],"wp:term":[{"taxonomy":"cat-professionale","embeddable":true,"href":"https:\/\/www.corazzi.com\/it\/wp-json\/wp\/v2\/cat-professionale?post=47"},{"taxonomy":"cat-industriale","embeddable":true,"href":"https:\/\/www.corazzi.com\/it\/wp-json\/wp\/v2\/cat-industriale?post=47"}],"curies":[{"name":"wp","href":"https:\/\/api.w.org\/{rel}","templated":true}]}}