{"id":4868,"date":"2014-06-18T18:19:46","date_gmt":"2014-06-18T16:19:46","guid":{"rendered":"https:\/\/www.corazzi.it\/?page_id=4868"},"modified":"2024-04-03T10:31:16","modified_gmt":"2024-04-03T08:31:16","slug":"news","status":"publish","type":"page","link":"https:\/\/www.corazzi.com\/it\/news\/","title":{"rendered":"News"},"content":{"rendered":"\t\t<div data-elementor-type=\"wp-page\" data-elementor-id=\"4868\" class=\"elementor elementor-4868\" data-elementor-post-type=\"page\">\n\t\t\t\t<div class=\"elementor-element elementor-element-7b69267 e-flex e-con-boxed e-con e-parent\" data-id=\"7b69267\" data-element_type=\"container\" data-e-type=\"container\">\n\t\t\t\t\t<div class=\"e-con-inner\">\n\t\t\t\t<div class=\"elementor-element elementor-element-e609afc elementor-widget elementor-widget-theme-post-title elementor-page-title elementor-widget-heading\" data-id=\"e609afc\" data-element_type=\"widget\" data-e-type=\"widget\" data-widget_type=\"theme-post-title.default\">\n\t\t\t\t<div class=\"elementor-widget-container\">\n\t\t\t\t\t<h1 class=\"elementor-heading-title elementor-size-default\">News<\/h1>\t\t\t\t<\/div>\n\t\t\t\t<\/div>\n\t\t\t\t<div class=\"elementor-element elementor-element-b2904af elementor-grid-3 elementor-grid-tablet-2 elementor-grid-mobile-1 elementor-posts--thumbnail-top elementor-widget elementor-widget-posts\" data-id=\"b2904af\" data-element_type=\"widget\" data-e-type=\"widget\" data-settings=\"{&quot;pagination_type&quot;:&quot;numbers_and_prev_next&quot;,&quot;classic_columns&quot;:&quot;3&quot;,&quot;classic_columns_tablet&quot;:&quot;2&quot;,&quot;classic_columns_mobile&quot;:&quot;1&quot;,&quot;classic_row_gap&quot;:{&quot;unit&quot;:&quot;px&quot;,&quot;size&quot;:35,&quot;sizes&quot;:[]},&quot;classic_row_gap_widescreen&quot;:{&quot;unit&quot;:&quot;px&quot;,&quot;size&quot;:&quot;&quot;,&quot;sizes&quot;:[]},&quot;classic_row_gap_laptop&quot;:{&quot;unit&quot;:&quot;px&quot;,&quot;size&quot;:&quot;&quot;,&quot;sizes&quot;:[]},&quot;classic_row_gap_tablet_extra&quot;:{&quot;unit&quot;:&quot;px&quot;,&quot;size&quot;:&quot;&quot;,&quot;sizes&quot;:[]},&quot;classic_row_gap_tablet&quot;:{&quot;unit&quot;:&quot;px&quot;,&quot;size&quot;:&quot;&quot;,&quot;sizes&quot;:[]},&quot;classic_row_gap_mobile_extra&quot;:{&quot;unit&quot;:&quot;px&quot;,&quot;size&quot;:&quot;&quot;,&quot;sizes&quot;:[]},&quot;classic_row_gap_mobile&quot;:{&quot;unit&quot;:&quot;px&quot;,&quot;size&quot;:&quot;&quot;,&quot;sizes&quot;:[]}}\" data-widget_type=\"posts.classic\">\n\t\t\t\t<div class=\"elementor-widget-container\">\n\t\t\t\t\t\t\t<div class=\"elementor-posts-container elementor-posts elementor-posts--skin-classic elementor-grid\" role=\"list\">\n\t\t\t\t<article class=\"elementor-post elementor-grid-item post-12381 post type-post status-publish format-standard has-post-thumbnail hentry category-slider-news entry has-media\" role=\"listitem\">\n\t\t\t\t<a class=\"elementor-post__thumbnail__link\" href=\"https:\/\/www.corazzi.com\/it\/interclean-amsterdam-2026\/\" tabindex=\"-1\" >\n\t\t\t<div class=\"elementor-post__thumbnail\"><img fetchpriority=\"high\" decoding=\"async\" width=\"1201\" height=\"629\" src=\"https:\/\/www.corazzi.com\/wp-content\/uploads\/2026\/04\/linkedin-x-with-standnumber.png\" class=\"attachment-full size-full wp-image-12388\" alt=\"\" srcset=\"https:\/\/www.corazzi.com\/wp-content\/uploads\/2026\/04\/linkedin-x-with-standnumber.png 1201w, https:\/\/www.corazzi.com\/wp-content\/uploads\/2026\/04\/linkedin-x-with-standnumber-300x157.png 300w, https:\/\/www.corazzi.com\/wp-content\/uploads\/2026\/04\/linkedin-x-with-standnumber-1024x536.png 1024w, https:\/\/www.corazzi.com\/wp-content\/uploads\/2026\/04\/linkedin-x-with-standnumber-768x402.png 768w\" sizes=\"(max-width: 1201px) 100vw, 1201px\" \/><\/div>\n\t\t<\/a>\n\t\t\t\t<div class=\"elementor-post__text\">\n\t\t\t\t<h2 class=\"elementor-post__title\">\n\t\t\t<a href=\"https:\/\/www.corazzi.com\/it\/interclean-amsterdam-2026\/\" >\n\t\t\t\tINTERCLEAN Amsterdam 2026\t\t\t<\/a>\n\t\t<\/h2>\n\t\t\t\t<div class=\"elementor-post__meta-data\">\n\t\t\t\t\t<span class=\"elementor-post-date\">\n\t\t\t3 Aprile 2026\t\t<\/span>\n\t\t\t\t<\/div>\n\t\t\t\t<div class=\"elementor-post__excerpt\">\n\t\t\t<p>Corazzi Fibre parteciper\u00e0 alla fiera Interclean, dedicata al mondo della pulizia professionale, che si terr\u00e0 ad Amsterdam dal 14 al 17 aprile 2026 presso il RAI Exhibition Centre. Nel suo stand 07.538 verr\u00e0 esposto il vasto assortimento di prodotti sia tradizionali che con contenuti innovativi, studiato in base alle richieste\t\t<\/div>\n\t\t\n\t\t<a class=\"elementor-post__read-more\" href=\"https:\/\/www.corazzi.com\/it\/interclean-amsterdam-2026\/\" aria-label=\"Leggi tutto INTERCLEAN Amsterdam 2026\" tabindex=\"-1\" >\n\t\t\tLeggi Tutto \u00bb\t\t<\/a>\n\n\t\t\t\t<\/div>\n\t\t\t\t<\/article>\n\t\t\t\t<article class=\"elementor-post elementor-grid-item post-12374 post type-post status-publish format-standard has-post-thumbnail hentry category-slider-news entry has-media\" role=\"listitem\">\n\t\t\t\t<a class=\"elementor-post__thumbnail__link\" href=\"https:\/\/www.corazzi.com\/it\/the-inspired-home-show-chicago-3\/\" tabindex=\"-1\" >\n\t\t\t<div class=\"elementor-post__thumbnail\"><img decoding=\"async\" width=\"512\" height=\"256\" src=\"https:\/\/www.corazzi.com\/wp-content\/uploads\/2026\/03\/Home-Show-2026-512x256-1.jpg\" class=\"attachment-full size-full wp-image-12375\" alt=\"\" srcset=\"https:\/\/www.corazzi.com\/wp-content\/uploads\/2026\/03\/Home-Show-2026-512x256-1.jpg 512w, https:\/\/www.corazzi.com\/wp-content\/uploads\/2026\/03\/Home-Show-2026-512x256-1-300x150.jpg 300w\" sizes=\"(max-width: 512px) 100vw, 512px\" \/><\/div>\n\t\t<\/a>\n\t\t\t\t<div class=\"elementor-post__text\">\n\t\t\t\t<h2 class=\"elementor-post__title\">\n\t\t\t<a href=\"https:\/\/www.corazzi.com\/it\/the-inspired-home-show-chicago-3\/\" >\n\t\t\t\tThe Inspired Home Show \u2013 Chicago 2026\t\t\t<\/a>\n\t\t<\/h2>\n\t\t\t\t<div class=\"elementor-post__meta-data\">\n\t\t\t\t\t<span class=\"elementor-post-date\">\n\t\t\t2 Marzo 2026\t\t<\/span>\n\t\t\t\t<\/div>\n\t\t\t\t<div class=\"elementor-post__excerpt\">\n\t\t\t<p>Corazzi sar\u00e0 al fianco di Vantex al The Inspired Home Show, la fiera in programma a Chicago dal 10 al 12 marzo 2026, uno degli appuntamenti internazionali di riferimento per il settore. Durante i tre giorni di manifestazione, l\u2019azienda sar\u00e0 presente allo stand N6415, dove i visitatori potranno incontrare il\t\t<\/div>\n\t\t\n\t\t<a class=\"elementor-post__read-more\" href=\"https:\/\/www.corazzi.com\/it\/the-inspired-home-show-chicago-3\/\" aria-label=\"Leggi tutto The Inspired Home Show \u2013 Chicago 2026\" tabindex=\"-1\" >\n\t\t\tLeggi Tutto \u00bb\t\t<\/a>\n\n\t\t\t\t<\/div>\n\t\t\t\t<\/article>\n\t\t\t\t<article class=\"elementor-post elementor-grid-item post-12348 post type-post status-publish format-standard has-post-thumbnail hentry category-slider-news entry has-media\" role=\"listitem\">\n\t\t\t\t<a class=\"elementor-post__thumbnail__link\" href=\"https:\/\/www.corazzi.com\/it\/fiera-ambiente-francoforte-2026\/\" tabindex=\"-1\" >\n\t\t\t<div class=\"elementor-post__thumbnail\"><img decoding=\"async\" width=\"512\" height=\"256\" src=\"https:\/\/www.corazzi.com\/wp-content\/uploads\/2026\/01\/Immagine-per-news.png\" class=\"attachment-full size-full wp-image-12349\" alt=\"\" srcset=\"https:\/\/www.corazzi.com\/wp-content\/uploads\/2026\/01\/Immagine-per-news.png 512w, https:\/\/www.corazzi.com\/wp-content\/uploads\/2026\/01\/Immagine-per-news-300x150.png 300w\" sizes=\"(max-width: 512px) 100vw, 512px\" \/><\/div>\n\t\t<\/a>\n\t\t\t\t<div class=\"elementor-post__text\">\n\t\t\t\t<h2 class=\"elementor-post__title\">\n\t\t\t<a href=\"https:\/\/www.corazzi.com\/it\/fiera-ambiente-francoforte-2026\/\" >\n\t\t\t\tFiera AMBIENTE Francoforte 2026\t\t\t<\/a>\n\t\t<\/h2>\n\t\t\t\t<div class=\"elementor-post__meta-data\">\n\t\t\t\t\t<span class=\"elementor-post-date\">\n\t\t\t23 Gennaio 2026\t\t<\/span>\n\t\t\t\t<\/div>\n\t\t\t\t<div class=\"elementor-post__excerpt\">\n\t\t\t<p>Corazzi Fibre sar\u00e0 presente a Francoforte dal 6 al 10 febbraio 2026 alla prossima edizione della fiera Ambiente, presso il Padiglione 9.2 \u2013 Stand E70.<br \/> Saremo lieti di accogliervi nel nostro stand per presentarvi l\u2019intera gamma delle nostre fibre e le pi\u00f9 recenti innovazioni sviluppate grazie alla nostra attivit\u00e0\t\t<\/div>\n\t\t\n\t\t<a class=\"elementor-post__read-more\" href=\"https:\/\/www.corazzi.com\/it\/fiera-ambiente-francoforte-2026\/\" aria-label=\"Leggi tutto Fiera AMBIENTE Francoforte 2026\" tabindex=\"-1\" >\n\t\t\tLeggi Tutto \u00bb\t\t<\/a>\n\n\t\t\t\t<\/div>\n\t\t\t\t<\/article>\n\t\t\t\t<article class=\"elementor-post elementor-grid-item post-12333 post type-post status-publish format-standard has-post-thumbnail hentry category-slider-news entry has-media\" role=\"listitem\">\n\t\t\t\t<a class=\"elementor-post__thumbnail__link\" href=\"https:\/\/www.corazzi.com\/it\/bilancio-di-sostenibilita-2024\/\" tabindex=\"-1\" >\n\t\t\t<div class=\"elementor-post__thumbnail\"><img loading=\"lazy\" decoding=\"async\" width=\"512\" height=\"256\" src=\"https:\/\/www.corazzi.com\/wp-content\/uploads\/2025\/12\/Uscita-report-512x256-1.jpg\" class=\"attachment-full size-full wp-image-12334\" alt=\"\" srcset=\"https:\/\/www.corazzi.com\/wp-content\/uploads\/2025\/12\/Uscita-report-512x256-1.jpg 512w, https:\/\/www.corazzi.com\/wp-content\/uploads\/2025\/12\/Uscita-report-512x256-1-300x150.jpg 300w\" sizes=\"(max-width: 512px) 100vw, 512px\" \/><\/div>\n\t\t<\/a>\n\t\t\t\t<div class=\"elementor-post__text\">\n\t\t\t\t<h2 class=\"elementor-post__title\">\n\t\t\t<a href=\"https:\/\/www.corazzi.com\/it\/bilancio-di-sostenibilita-2024\/\" >\n\t\t\t\tBilancio di sostenibilit\u00e0 2024\t\t\t<\/a>\n\t\t<\/h2>\n\t\t\t\t<div class=\"elementor-post__meta-data\">\n\t\t\t\t\t<span class=\"elementor-post-date\">\n\t\t\t17 Dicembre 2025\t\t<\/span>\n\t\t\t\t<\/div>\n\t\t\t\t<div class=\"elementor-post__excerpt\">\n\t\t\t<p>Siamo lieti di annunciare la pubblicazione del nostro primo Bilancio di Sostenibilit\u00e0, un importante passo avanti nel percorso di Corazzi Fibre verso una gestione responsabile e trasparente. Con questo documento, ribadiamo il nostro impegno nell\u2019adozione degli standard ESRS, al fine di garantire chiarezza e allineamento a livello europeo.<\/p>\t\t<\/div>\n\t\t\n\t\t<a class=\"elementor-post__read-more\" href=\"https:\/\/www.corazzi.com\/it\/bilancio-di-sostenibilita-2024\/\" aria-label=\"Leggi tutto Bilancio di sostenibilit\u00e0 2024\" tabindex=\"-1\" >\n\t\t\tLeggi Tutto \u00bb\t\t<\/a>\n\n\t\t\t\t<\/div>\n\t\t\t\t<\/article>\n\t\t\t\t<article class=\"elementor-post elementor-grid-item post-12289 post type-post status-publish format-standard has-post-thumbnail hentry category-slider-news entry has-media\" role=\"listitem\">\n\t\t\t\t<a class=\"elementor-post__thumbnail__link\" href=\"https:\/\/www.corazzi.com\/it\/fiera-issa-pulire-milano-2025\/\" tabindex=\"-1\" >\n\t\t\t<div class=\"elementor-post__thumbnail\"><img loading=\"lazy\" decoding=\"async\" width=\"512\" height=\"256\" src=\"https:\/\/www.corazzi.com\/wp-content\/uploads\/2025\/05\/issa-pulire-2025-512x256-1.png\" class=\"attachment-full size-full wp-image-12320\" alt=\"\" srcset=\"https:\/\/www.corazzi.com\/wp-content\/uploads\/2025\/05\/issa-pulire-2025-512x256-1.png 512w, https:\/\/www.corazzi.com\/wp-content\/uploads\/2025\/05\/issa-pulire-2025-512x256-1-300x150.png 300w\" sizes=\"(max-width: 512px) 100vw, 512px\" \/><\/div>\n\t\t<\/a>\n\t\t\t\t<div class=\"elementor-post__text\">\n\t\t\t\t<h2 class=\"elementor-post__title\">\n\t\t\t<a href=\"https:\/\/www.corazzi.com\/it\/fiera-issa-pulire-milano-2025\/\" >\n\t\t\t\tFiera ISSA PULIRE Milano 2025\t\t\t<\/a>\n\t\t<\/h2>\n\t\t\t\t<div class=\"elementor-post__meta-data\">\n\t\t\t\t\t<span class=\"elementor-post-date\">\n\t\t\t16 Maggio 2025\t\t<\/span>\n\t\t\t\t<\/div>\n\t\t\t\t<div class=\"elementor-post__excerpt\">\n\t\t\t<p>Siamo lieti di annunciare la partecipazione di Corazzi Fibre alla fiera ISSA PULIRE di Milano, uno degli eventi pi\u00f9 importanti nel settore del cleaning, dal 27 al 29 maggio 2025. Durante questa occasione speciale, presenteremo le nostre ultime novit\u00e0 nel campo dei prodotti per la pulizia professionale.<\/p>\t\t<\/div>\n\t\t\n\t\t<a class=\"elementor-post__read-more\" href=\"https:\/\/www.corazzi.com\/it\/fiera-issa-pulire-milano-2025\/\" aria-label=\"Leggi tutto Fiera ISSA PULIRE Milano 2025\" tabindex=\"-1\" >\n\t\t\tLeggi Tutto \u00bb\t\t<\/a>\n\n\t\t\t\t<\/div>\n\t\t\t\t<\/article>\n\t\t\t\t<article class=\"elementor-post elementor-grid-item post-12267 post type-post status-publish format-standard has-post-thumbnail hentry category-slider-news entry has-media\" role=\"listitem\">\n\t\t\t\t<a class=\"elementor-post__thumbnail__link\" href=\"https:\/\/www.corazzi.com\/it\/fiera-ambiente-francoforte-2025\/\" tabindex=\"-1\" >\n\t\t\t<div class=\"elementor-post__thumbnail\"><img loading=\"lazy\" decoding=\"async\" width=\"357\" height=\"238\" src=\"https:\/\/www.corazzi.com\/wp-content\/uploads\/2024\/12\/Ambiente-2025-per-sito-ridimensionata.jpg\" class=\"attachment-full size-full wp-image-12268\" alt=\"\" srcset=\"https:\/\/www.corazzi.com\/wp-content\/uploads\/2024\/12\/Ambiente-2025-per-sito-ridimensionata.jpg 357w, https:\/\/www.corazzi.com\/wp-content\/uploads\/2024\/12\/Ambiente-2025-per-sito-ridimensionata-300x200.jpg 300w\" sizes=\"(max-width: 357px) 100vw, 357px\" \/><\/div>\n\t\t<\/a>\n\t\t\t\t<div class=\"elementor-post__text\">\n\t\t\t\t<h2 class=\"elementor-post__title\">\n\t\t\t<a href=\"https:\/\/www.corazzi.com\/it\/fiera-ambiente-francoforte-2025\/\" >\n\t\t\t\tFIERA AMBIENTE Francoforte 2025\t\t\t<\/a>\n\t\t<\/h2>\n\t\t\t\t<div class=\"elementor-post__meta-data\">\n\t\t\t\t\t<span class=\"elementor-post-date\">\n\t\t\t20 Dicembre 2024\t\t<\/span>\n\t\t\t\t<\/div>\n\t\t\t\t<div class=\"elementor-post__excerpt\">\n\t\t\t<p>Corazzi Fibre parteciper\u00e0 a Francoforte dal 7 all\u201911 febbraio 2025 alla prossima fiera Ambiente nella seguente posizione: Padiglione 9.2 \u2013 Stand E70.<\/p> <p>Vi invitiamo a farci visita nel nostro stand dove potremo illustrarvi l\u2019intera gamma delle nostre fibre e le ultime novit\u00e0 frutto della nostra attivit\u00e0 di ricerca e sviluppo.<\/p>\t\t<\/div>\n\t\t\n\t\t<a class=\"elementor-post__read-more\" href=\"https:\/\/www.corazzi.com\/it\/fiera-ambiente-francoforte-2025\/\" aria-label=\"Leggi tutto FIERA AMBIENTE Francoforte 2025\" tabindex=\"-1\" >\n\t\t\tLeggi Tutto \u00bb\t\t<\/a>\n\n\t\t\t\t<\/div>\n\t\t\t\t<\/article>\n\t\t\t\t<article class=\"elementor-post elementor-grid-item post-12198 post type-post status-publish format-standard has-post-thumbnail hentry category-slider-news entry has-media\" role=\"listitem\">\n\t\t\t\t<a class=\"elementor-post__thumbnail__link\" href=\"https:\/\/www.corazzi.com\/it\/interclean-amsterdam-2024\/\" tabindex=\"-1\" >\n\t\t\t<div class=\"elementor-post__thumbnail\"><img loading=\"lazy\" decoding=\"async\" width=\"1920\" height=\"1008\" src=\"https:\/\/www.corazzi.com\/wp-content\/uploads\/2024\/03\/Interclean-2024.jpg\" class=\"attachment-full size-full wp-image-12199\" alt=\"\" srcset=\"https:\/\/www.corazzi.com\/wp-content\/uploads\/2024\/03\/Interclean-2024.jpg 1920w, https:\/\/www.corazzi.com\/wp-content\/uploads\/2024\/03\/Interclean-2024-300x158.jpg 300w, https:\/\/www.corazzi.com\/wp-content\/uploads\/2024\/03\/Interclean-2024-1024x538.jpg 1024w, https:\/\/www.corazzi.com\/wp-content\/uploads\/2024\/03\/Interclean-2024-768x403.jpg 768w, https:\/\/www.corazzi.com\/wp-content\/uploads\/2024\/03\/Interclean-2024-1536x806.jpg 1536w\" sizes=\"(max-width: 1920px) 100vw, 1920px\" \/><\/div>\n\t\t<\/a>\n\t\t\t\t<div class=\"elementor-post__text\">\n\t\t\t\t<h2 class=\"elementor-post__title\">\n\t\t\t<a href=\"https:\/\/www.corazzi.com\/it\/interclean-amsterdam-2024\/\" >\n\t\t\t\tINTERCLEAN Amsterdam 2024\t\t\t<\/a>\n\t\t<\/h2>\n\t\t\t\t<div class=\"elementor-post__meta-data\">\n\t\t\t\t\t<span class=\"elementor-post-date\">\n\t\t\t19 Marzo 2024\t\t<\/span>\n\t\t\t\t<\/div>\n\t\t\t\t<div class=\"elementor-post__excerpt\">\n\t\t\t<p>Corazzi Fibre parteciper\u00e0 alla fiera Interclean, dedicata al mondo della pulizia professionale, che si terr\u00e0 ad Amsterdam dal 14 al 17 maggio 2024 presso il RAI Exhibition Centre. Nel suo stand 05.429 verr\u00e0 esposto il vasto assortimento di prodotti sia tradizionali che con contenuti innovativi, studiato in base alle richieste\t\t<\/div>\n\t\t\n\t\t<a class=\"elementor-post__read-more\" href=\"https:\/\/www.corazzi.com\/it\/interclean-amsterdam-2024\/\" aria-label=\"Leggi tutto INTERCLEAN Amsterdam 2024\" tabindex=\"-1\" >\n\t\t\tLeggi Tutto \u00bb\t\t<\/a>\n\n\t\t\t\t<\/div>\n\t\t\t\t<\/article>\n\t\t\t\t<article class=\"elementor-post elementor-grid-item post-12188 post type-post status-publish format-standard has-post-thumbnail hentry category-slider-news entry has-media\" role=\"listitem\">\n\t\t\t\t<a class=\"elementor-post__thumbnail__link\" href=\"https:\/\/www.corazzi.com\/it\/the-inspired-home-show-chicago-2\/\" tabindex=\"-1\" >\n\t\t\t<div class=\"elementor-post__thumbnail\"><img loading=\"lazy\" decoding=\"async\" width=\"1920\" height=\"918\" src=\"https:\/\/www.corazzi.com\/wp-content\/uploads\/2024\/03\/INVITACION-INGLES-CHICAGO-2024-1920.jpg\" class=\"attachment-full size-full wp-image-12189\" alt=\"\" srcset=\"https:\/\/www.corazzi.com\/wp-content\/uploads\/2024\/03\/INVITACION-INGLES-CHICAGO-2024-1920.jpg 1920w, https:\/\/www.corazzi.com\/wp-content\/uploads\/2024\/03\/INVITACION-INGLES-CHICAGO-2024-1920-300x143.jpg 300w, https:\/\/www.corazzi.com\/wp-content\/uploads\/2024\/03\/INVITACION-INGLES-CHICAGO-2024-1920-1024x490.jpg 1024w, https:\/\/www.corazzi.com\/wp-content\/uploads\/2024\/03\/INVITACION-INGLES-CHICAGO-2024-1920-768x367.jpg 768w, https:\/\/www.corazzi.com\/wp-content\/uploads\/2024\/03\/INVITACION-INGLES-CHICAGO-2024-1920-1536x734.jpg 1536w\" sizes=\"(max-width: 1920px) 100vw, 1920px\" \/><\/div>\n\t\t<\/a>\n\t\t\t\t<div class=\"elementor-post__text\">\n\t\t\t\t<h2 class=\"elementor-post__title\">\n\t\t\t<a href=\"https:\/\/www.corazzi.com\/it\/the-inspired-home-show-chicago-2\/\" >\n\t\t\t\tThe Inspired Home Show \u2013 Chicago\t\t\t<\/a>\n\t\t<\/h2>\n\t\t\t\t<div class=\"elementor-post__meta-data\">\n\t\t\t\t\t<span class=\"elementor-post-date\">\n\t\t\t15 Marzo 2024\t\t<\/span>\n\t\t\t\t<\/div>\n\t\t\t\t<div class=\"elementor-post__excerpt\">\n\t\t\t<p>Corazzi Fibre sar\u00e0 al fianco di Vantex all\u2019Inspired Home Show, la fiera che si terr\u00e0 a Chicago dal 17 al 19 marzo 2024, dove i visitatori saranno accolti con piacere nello stand N6403.<\/p>\t\t<\/div>\n\t\t\n\t\t<a class=\"elementor-post__read-more\" href=\"https:\/\/www.corazzi.com\/it\/the-inspired-home-show-chicago-2\/\" aria-label=\"Leggi tutto The Inspired Home Show \u2013 Chicago\" tabindex=\"-1\" >\n\t\t\tLeggi Tutto \u00bb\t\t<\/a>\n\n\t\t\t\t<\/div>\n\t\t\t\t<\/article>\n\t\t\t\t<article class=\"elementor-post elementor-grid-item post-11424 post type-post status-publish format-standard has-post-thumbnail hentry category-slider-news entry has-media\" role=\"listitem\">\n\t\t\t\t<a class=\"elementor-post__thumbnail__link\" href=\"https:\/\/www.corazzi.com\/it\/corazzi-sostiene-i-comuni-romagnoli-alluvionati\/\" tabindex=\"-1\" >\n\t\t\t<div class=\"elementor-post__thumbnail\"><img loading=\"lazy\" decoding=\"async\" width=\"290\" height=\"167\" src=\"https:\/\/www.corazzi.com\/wp-content\/uploads\/2023\/07\/Romagna.jpg\" class=\"attachment-full size-full wp-image-11429\" alt=\"\" \/><\/div>\n\t\t<\/a>\n\t\t\t\t<div class=\"elementor-post__text\">\n\t\t\t\t<h2 class=\"elementor-post__title\">\n\t\t\t<a href=\"https:\/\/www.corazzi.com\/it\/corazzi-sostiene-i-comuni-romagnoli-alluvionati\/\" >\n\t\t\t\tCorazzi sostiene i comuni romagnoli alluvionati\t\t\t<\/a>\n\t\t<\/h2>\n\t\t\t\t<div class=\"elementor-post__meta-data\">\n\t\t\t\t\t<span class=\"elementor-post-date\">\n\t\t\t4 Luglio 2023\t\t<\/span>\n\t\t\t\t<\/div>\n\t\t\t\t<div class=\"elementor-post__excerpt\">\n\t\t\t<p>Corazzi Fibre \u00e8 orgogliosa di annunciare la sua adesione alla campagna di aiuti per i comuni romagnoli colpiti dall&#8217;alluvione: in seguito alla devastante calamit\u00e0 che ha colpito questa regione contribuiamo attivamente agli sforzi di ripristino e ricostruzione.<br \/> Riconosciamo l&#8217;importanza del ruolo sociale che le imprese devono svolgere e siamo\t\t<\/div>\n\t\t\n\t\t<a class=\"elementor-post__read-more\" href=\"https:\/\/www.corazzi.com\/it\/corazzi-sostiene-i-comuni-romagnoli-alluvionati\/\" aria-label=\"Leggi tutto Corazzi sostiene i comuni romagnoli alluvionati\" tabindex=\"-1\" >\n\t\t\tLeggi Tutto \u00bb\t\t<\/a>\n\n\t\t\t\t<\/div>\n\t\t\t\t<\/article>\n\t\t\t\t<\/div>\n\t\t\n\t\t\t\t<div class=\"e-load-more-anchor\" data-page=\"1\" data-max-page=\"6\" data-next-page=\"https:\/\/www.corazzi.com\/it\/wp-json\/wp\/v2\/pages\/4868\/page\/2\/\"><\/div>\n\t\t\t\t<nav class=\"elementor-pagination\" aria-label=\"Paginazione\">\n\t\t\t<span class=\"page-numbers prev\">&laquo; Precedente<\/span>\n<span aria-current=\"page\" class=\"page-numbers current\"><span class=\"elementor-screen-only\">Pagina<\/span>1<\/span>\n<a class=\"page-numbers\" href=\"https:\/\/www.corazzi.com\/it\/wp-json\/wp\/v2\/pages\/4868\/page\/2\/\"><span class=\"elementor-screen-only\">Pagina<\/span>2<\/a>\n<a class=\"page-numbers\" href=\"https:\/\/www.corazzi.com\/it\/wp-json\/wp\/v2\/pages\/4868\/page\/3\/\"><span class=\"elementor-screen-only\">Pagina<\/span>3<\/a>\n<a class=\"page-numbers\" href=\"https:\/\/www.corazzi.com\/it\/wp-json\/wp\/v2\/pages\/4868\/page\/4\/\"><span class=\"elementor-screen-only\">Pagina<\/span>4<\/a>\n<a class=\"page-numbers\" href=\"https:\/\/www.corazzi.com\/it\/wp-json\/wp\/v2\/pages\/4868\/page\/5\/\"><span class=\"elementor-screen-only\">Pagina<\/span>5<\/a>\n<a class=\"page-numbers next\" href=\"https:\/\/www.corazzi.com\/it\/wp-json\/wp\/v2\/pages\/4868\/page\/2\/\">Successivo &raquo;<\/a>\t\t<\/nav>\n\t\t\t\t\t\t<\/div>\n\t\t\t\t<\/div>\n\t\t\t\t\t<\/div>\n\t\t\t\t<\/div>\n\t\t\t\t<\/div>\n\t\t","protected":false},"excerpt":{"rendered":"","protected":false},"author":1,"featured_media":0,"parent":0,"menu_order":0,"comment_status":"open","ping_status":"open","template":"","meta":{"_acf_changed":false,"ocean_post_layout":"","ocean_both_sidebars_style":"","ocean_both_sidebars_content_width":0,"ocean_both_sidebars_sidebars_width":0,"ocean_sidebar":"","ocean_second_sidebar":"","ocean_disable_margins":"enable","ocean_add_body_class":"","ocean_shortcode_before_top_bar":"","ocean_shortcode_after_top_bar":"","ocean_shortcode_before_header":"","ocean_shortcode_after_header":"","ocean_has_shortcode":"","ocean_shortcode_after_title":"","ocean_shortcode_before_footer_widgets":"","ocean_shortcode_after_footer_widgets":"","ocean_shortcode_before_footer_bottom":"","ocean_shortcode_after_footer_bottom":"","ocean_display_top_bar":"default","ocean_display_header":"default","ocean_header_style":"","ocean_center_header_left_menu":"","ocean_custom_header_template":"","ocean_custom_logo":0,"ocean_custom_retina_logo":0,"ocean_custom_logo_max_width":0,"ocean_custom_logo_tablet_max_width":0,"ocean_custom_logo_mobile_max_width":0,"ocean_custom_logo_max_height":0,"ocean_custom_logo_tablet_max_height":0,"ocean_custom_logo_mobile_max_height":0,"ocean_header_custom_menu":"","ocean_menu_typo_font_family":"","ocean_menu_typo_font_subset":"","ocean_menu_typo_font_size":0,"ocean_menu_typo_font_size_tablet":0,"ocean_menu_typo_font_size_mobile":0,"ocean_menu_typo_font_size_unit":"px","ocean_menu_typo_font_weight":"","ocean_menu_typo_font_weight_tablet":"","ocean_menu_typo_font_weight_mobile":"","ocean_menu_typo_transform":"","ocean_menu_typo_transform_tablet":"","ocean_menu_typo_transform_mobile":"","ocean_menu_typo_line_height":0,"ocean_menu_typo_line_height_tablet":0,"ocean_menu_typo_line_height_mobile":0,"ocean_menu_typo_line_height_unit":"","ocean_menu_typo_spacing":0,"ocean_menu_typo_spacing_tablet":0,"ocean_menu_typo_spacing_mobile":0,"ocean_menu_typo_spacing_unit":"","ocean_menu_link_color":"","ocean_menu_link_color_hover":"","ocean_menu_link_color_active":"","ocean_menu_link_background":"","ocean_menu_link_hover_background":"","ocean_menu_link_active_background":"","ocean_menu_social_links_bg":"","ocean_menu_social_hover_links_bg":"","ocean_menu_social_links_color":"","ocean_menu_social_hover_links_color":"","ocean_disable_title":"default","ocean_disable_heading":"default","ocean_post_title":"","ocean_post_subheading":"","ocean_post_title_style":"","ocean_post_title_background_color":"","ocean_post_title_background":0,"ocean_post_title_bg_image_position":"","ocean_post_title_bg_image_attachment":"","ocean_post_title_bg_image_repeat":"","ocean_post_title_bg_image_size":"","ocean_post_title_height":0,"ocean_post_title_bg_overlay":0.5,"ocean_post_title_bg_overlay_color":"","ocean_disable_breadcrumbs":"default","ocean_breadcrumbs_color":"","ocean_breadcrumbs_separator_color":"","ocean_breadcrumbs_links_color":"","ocean_breadcrumbs_links_hover_color":"","ocean_display_footer_widgets":"default","ocean_display_footer_bottom":"default","ocean_custom_footer_template":"","footnotes":""},"cat-professionale":[],"cat-industriale":[],"class_list":["post-4868","page","type-page","status-publish","hentry","entry","has-media"],"acf":[],"_links":{"self":[{"href":"https:\/\/www.corazzi.com\/it\/wp-json\/wp\/v2\/pages\/4868","targetHints":{"allow":["GET"]}}],"collection":[{"href":"https:\/\/www.corazzi.com\/it\/wp-json\/wp\/v2\/pages"}],"about":[{"href":"https:\/\/www.corazzi.com\/it\/wp-json\/wp\/v2\/types\/page"}],"author":[{"embeddable":true,"href":"https:\/\/www.corazzi.com\/it\/wp-json\/wp\/v2\/users\/1"}],"replies":[{"embeddable":true,"href":"https:\/\/www.corazzi.com\/it\/wp-json\/wp\/v2\/comments?post=4868"}],"version-history":[{"count":0,"href":"https:\/\/www.corazzi.com\/it\/wp-json\/wp\/v2\/pages\/4868\/revisions"}],"wp:attachment":[{"href":"https:\/\/www.corazzi.com\/it\/wp-json\/wp\/v2\/media?parent=4868"}],"wp:term":[{"taxonomy":"cat-professionale","embeddable":true,"href":"https:\/\/www.corazzi.com\/it\/wp-json\/wp\/v2\/cat-professionale?post=4868"},{"taxonomy":"cat-industriale","embeddable":true,"href":"https:\/\/www.corazzi.com\/it\/wp-json\/wp\/v2\/cat-industriale?post=4868"}],"curies":[{"name":"wp","href":"https:\/\/api.w.org\/{rel}","templated":true}]}}