{"id":7780,"date":"2015-10-08T08:48:44","date_gmt":"2015-10-08T06:48:44","guid":{"rendered":"https:\/\/www.corazzi.it\/?page_id=7780"},"modified":"2025-06-25T09:14:21","modified_gmt":"2025-06-25T07:14:21","slug":"storia","status":"publish","type":"page","link":"https:\/\/www.corazzi.com\/it\/azienda\/storia\/","title":{"rendered":"Storia"},"content":{"rendered":"<h1 class=\"wp-block-post-title\">Storia<\/h1>\n\n<p style=\"text-align: justify;\"><img fetchpriority=\"high\" decoding=\"async\" class=\"alignright\" src=\"https:\/\/www.corazzi.com\/wp-content\/uploads\/2015\/09\/Vecchia-fabbrica-Corazzi.jpg\" alt=\"Vecchia fabbrica Corazzi\" width=\"400\" height=\"258\" \/><\/p>\n<p style=\"text-align: justify;\">Corazzi Fibre fu fondata a Cremona nel 1951 da Paolo Corazzi. Uomo lungimirante, ricco di idee e iniziative, la sua personalit\u00e0 non si \u00e8 mai esaurita entro i confini dell\u2019attivit\u00e0 imprenditoriale.\u00a0 Impegnato sul fronte sociale e culturale, ha dato il proprio contributo a numerose iniziative.<br \/>Fautore d\u2019innovazione in campo produttivo, si \u00e8 sempre dimostrato in anticipo sui tempi come imprenditore. Negli anni \u201970, al fine di seguire il pi\u00f9 moderno trend dei consumi, converte l\u2019iniziale attivit\u00e0 di produzione di lana d\u2019acciaio in quella di fibra abrasiva, avviando cos\u00ec il nuovo processo tecnologico nel suo stabilimento.<br \/>Gi\u00e0 dalla prima met\u00e0 degli anni \u201960 Paolo Corazzi si dedica al commercio estero, dapprima nei paesi limitrofi per poi arrivare a quelli pi\u00f9 lontani, recandosi di persona a scoprire nuovi mercati. L\u2019attenzione rivolta al cliente \u00e8 un punto cardine su cui si fonda l\u2019intero complesso aziendale. \u201c<strong><em>Il cliente \u00e8 la persona pi\u00f9 importante di questa ditta<\/em><\/strong>\u201d scriver\u00e0 in un famoso listino del 1956. I frutti di questa imprenditoria all\u2019avanguardia non tardano a mostrarsi. Negli anni \u201980 gi\u00e0 met\u00e0 della produzione viene esportata.<br \/>Nel 1996 viene terminata la costruzione del nuovo insediamento produttivo, localizzato sempre a Cremona in una vasta area di 35.000 mq. Il layout del nuovo stabilimento permette nuovi investimenti in attrezzature ed impianti di produzione, consentendo di entrare in settori di mercato relativi alla pulizia professionale e agli impieghi industriali. Il continuo miglioramento delle strutture produttive ha permesso all\u2019azienda di far fronte positivamente ai pi\u00f9 disparati bisogni di mercato.<br \/>Dal 1997 Corazzi Fibre \u00e8 presente con uno stabilimento produttivo in Messico, a Guadalajara. Questo traguardo ha permesso all\u2019azienda di insediarsi nel mercato centro-nord americano, acquisendo cos\u00ec vantaggi competitivi e logistici. La nuova sede, realizzata nel 2004 e ulteriormente ampliata nel 2015, \u00e8 dotata di ampi spazi produttivi e consente di soddisfare le crescenti richieste del mercato.<\/p>\n<p style=\"text-align: justify;\">Oggi, Corazzi Fibre dispone di un\u2019area produttiva di circa 25.000 mq, di cui 17.000 coperti, e vanta impianti tra i pi\u00f9 grandi e moderni d\u2019Europa nel settore delle fibre abrasive. La capacit\u00e0 produttiva annuale supera i 16 milioni di metri quadrati, con una produzione di fibre di altissima qualit\u00e0, sia in resina acrilica che fenolica, in diversi pesi, colori e performance. La presenza in oltre sessanta paesi nel mondo testimonia la sua forte vocazione internazionale, con il 15% del fatturato generato dal mercato italiano e l\u201985% dai mercati esteri.<\/p>\n<p style=\"text-align: justify;\">Sviluppo economico e aspetto etico sono due poli di un binomio che non dovrebbero mai essere considerati isolatamente. Ecco perch\u00e9, soprattutto negli ultimi anni, l\u2019azienda si \u00e8 impegnata sempre pi\u00f9 verso l\u2019implementazione di fibre innovative caratterizzate da eco-compatibilit\u00e0. Attraverso mirate attivit\u00e0 di ricerca e sviluppo, Corazzi Fibre \u00e8 riuscita a crescere seguendo le tendenze di mercato e rispondendo simultaneamente a uno dei problemi che preme maggiormente il mondo contemporaneo: la salvaguardia dell\u2019ambiente.<br \/>Il risultato \u00e8 stato quello di creare uno sviluppo tecnologico in stretta simbiosi con la tutela dell\u2019ambiente.<\/p>","protected":false},"excerpt":{"rendered":"<p>Corazzi Fibre, fondata a Cremona nel 1951, \u00e8 oggi tra i protagonisti a livello mondiale nella produzione di prodotti per la pulizia domestica, professionale e per le lavorazioni industriali.<\/p>\n","protected":false},"author":4,"featured_media":8423,"parent":47,"menu_order":0,"comment_status":"open","ping_status":"open","template":"","meta":{"_acf_changed":false,"ocean_post_layout":"","ocean_both_sidebars_style":"","ocean_both_sidebars_content_width":0,"ocean_both_sidebars_sidebars_width":0,"ocean_sidebar":"","ocean_second_sidebar":"","ocean_disable_margins":"enable","ocean_add_body_class":"","ocean_shortcode_before_top_bar":"","ocean_shortcode_after_top_bar":"","ocean_shortcode_before_header":"","ocean_shortcode_after_header":"","ocean_has_shortcode":"","ocean_shortcode_after_title":"","ocean_shortcode_before_footer_widgets":"","ocean_shortcode_after_footer_widgets":"","ocean_shortcode_before_footer_bottom":"","ocean_shortcode_after_footer_bottom":"","ocean_display_top_bar":"default","ocean_display_header":"default","ocean_header_style":"","ocean_center_header_left_menu":"","ocean_custom_header_template":"","ocean_custom_logo":0,"ocean_custom_retina_logo":0,"ocean_custom_logo_max_width":0,"ocean_custom_logo_tablet_max_width":0,"ocean_custom_logo_mobile_max_width":0,"ocean_custom_logo_max_height":0,"ocean_custom_logo_tablet_max_height":0,"ocean_custom_logo_mobile_max_height":0,"ocean_header_custom_menu":"","ocean_menu_typo_font_family":"","ocean_menu_typo_font_subset":"","ocean_menu_typo_font_size":0,"ocean_menu_typo_font_size_tablet":0,"ocean_menu_typo_font_size_mobile":0,"ocean_menu_typo_font_size_unit":"px","ocean_menu_typo_font_weight":"","ocean_menu_typo_font_weight_tablet":"","ocean_menu_typo_font_weight_mobile":"","ocean_menu_typo_transform":"","ocean_menu_typo_transform_tablet":"","ocean_menu_typo_transform_mobile":"","ocean_menu_typo_line_height":0,"ocean_menu_typo_line_height_tablet":0,"ocean_menu_typo_line_height_mobile":0,"ocean_menu_typo_line_height_unit":"","ocean_menu_typo_spacing":0,"ocean_menu_typo_spacing_tablet":0,"ocean_menu_typo_spacing_mobile":0,"ocean_menu_typo_spacing_unit":"","ocean_menu_link_color":"","ocean_menu_link_color_hover":"","ocean_menu_link_color_active":"","ocean_menu_link_background":"","ocean_menu_link_hover_background":"","ocean_menu_link_active_background":"","ocean_menu_social_links_bg":"","ocean_menu_social_hover_links_bg":"","ocean_menu_social_links_color":"","ocean_menu_social_hover_links_color":"","ocean_disable_title":"default","ocean_disable_heading":"default","ocean_post_title":"","ocean_post_subheading":"","ocean_post_title_style":"","ocean_post_title_background_color":"","ocean_post_title_background":0,"ocean_post_title_bg_image_position":"","ocean_post_title_bg_image_attachment":"","ocean_post_title_bg_image_repeat":"","ocean_post_title_bg_image_size":"","ocean_post_title_height":0,"ocean_post_title_bg_overlay":0.5,"ocean_post_title_bg_overlay_color":"","ocean_disable_breadcrumbs":"default","ocean_breadcrumbs_color":"","ocean_breadcrumbs_separator_color":"","ocean_breadcrumbs_links_color":"","ocean_breadcrumbs_links_hover_color":"","ocean_display_footer_widgets":"default","ocean_display_footer_bottom":"default","ocean_custom_footer_template":"","footnotes":""},"cat-professionale":[],"cat-industriale":[],"class_list":["post-7780","page","type-page","status-publish","has-post-thumbnail","hentry","entry","has-media"],"acf":[],"_links":{"self":[{"href":"https:\/\/www.corazzi.com\/it\/wp-json\/wp\/v2\/pages\/7780","targetHints":{"allow":["GET"]}}],"collection":[{"href":"https:\/\/www.corazzi.com\/it\/wp-json\/wp\/v2\/pages"}],"about":[{"href":"https:\/\/www.corazzi.com\/it\/wp-json\/wp\/v2\/types\/page"}],"author":[{"embeddable":true,"href":"https:\/\/www.corazzi.com\/it\/wp-json\/wp\/v2\/users\/4"}],"replies":[{"embeddable":true,"href":"https:\/\/www.corazzi.com\/it\/wp-json\/wp\/v2\/comments?post=7780"}],"version-history":[{"count":0,"href":"https:\/\/www.corazzi.com\/it\/wp-json\/wp\/v2\/pages\/7780\/revisions"}],"up":[{"embeddable":true,"href":"https:\/\/www.corazzi.com\/it\/wp-json\/wp\/v2\/pages\/47"}],"wp:featuredmedia":[{"embeddable":true,"href":"https:\/\/www.corazzi.com\/it\/wp-json\/wp\/v2\/media\/8423"}],"wp:attachment":[{"href":"https:\/\/www.corazzi.com\/it\/wp-json\/wp\/v2\/media?parent=7780"}],"wp:term":[{"taxonomy":"cat-professionale","embeddable":true,"href":"https:\/\/www.corazzi.com\/it\/wp-json\/wp\/v2\/cat-professionale?post=7780"},{"taxonomy":"cat-industriale","embeddable":true,"href":"https:\/\/www.corazzi.com\/it\/wp-json\/wp\/v2\/cat-industriale?post=7780"}],"curies":[{"name":"wp","href":"https:\/\/api.w.org\/{rel}","templated":true}]}}