{"id":7864,"date":"2015-11-06T09:49:13","date_gmt":"2015-11-06T08:49:13","guid":{"rendered":"https:\/\/www.corazzi.it\/?page_id=7864"},"modified":"2024-01-04T11:58:16","modified_gmt":"2024-01-04T10:58:16","slug":"responsabilita-sociale","status":"publish","type":"page","link":"https:\/\/www.corazzi.com\/it\/azienda\/responsabilita-sociale\/","title":{"rendered":"Responsabilit\u00e0 sociale"},"content":{"rendered":"<h1 class=\"wp-block-post-title\">Responsabilit\u00e0 sociale<\/h1>\n\n<h3><span style=\"color: #0088cc;\">SOSTEGNO ALLA CULTURA<\/span><\/h3>\n<p style=\"text-align: justify;\"><strong>Paolo Corazzi<\/strong>, fondatore della societ\u00e0 e Grande Ufficiale al Merito della Repubblica Italiana, partecip\u00f2 alla guerra in Etiopia in veste di ufficiale combattente. Fatto prigioniero per sette lunghi anni, fu successivamente decorato con due medaglie di bronzo e una croce di guerra al valor militare. Ha lasciato testimonianza della sua vita e del suo amore profondo verso l\u2019Africa scrivendo il libro \u201cEtiopia 1938-1946 \u2013 Guerriglia e filo spinato\u201d, pubblicato da Mursia con prefazione di Piero Chiara. Uomo di cultura e amante dell\u2019arte, dalla personalit\u00e0 vulcanica e generosa, ha ricoperto diversi incarichi di presidenza in numerosi circoli intellettuali, tra cui ricordiamo il \u201cRotary International\u201d di Cremona ed il \u201cBenedetto Croce\u201d.<\/p>\n<p style=\"text-align: justify;\"><img decoding=\"async\" class=\"size-full wp-image-7901 alignright\" src=\"https:\/\/www.corazzi.com\/wp-content\/uploads\/2015\/10\/Boccaccino.jpg\" alt=\"Boccaccino\" width=\"208\" height=\"127\" \/><\/p>\n<p style=\"text-align: justify;\">Uomo sensibile, preparato e colto, ha partecipato a numerose iniziative culturali. Attraverso generose donazioni ha contribuito alla ristrutturazione dell\u2019abside del duomo di Cremona, dando il via agli interventi di privati per il ripristino di uno dei pi\u00f9 importanti monumenti in stile romanico presenti in Italia. Inoltre, per onorare la memoria della moglie, ha interamente finanziato il\u00a0<strong>restauro dell\u2019affresco del \u201cRedentore con i santi patroni della citt\u00e0\u201d<\/strong>\u00a0dipinto da Boccaccio Boccaccino nel 1507, in pieno periodo rinascimentale. I lavori, iniziati nel 1989, recuperarono le qualit\u00e0 compositive e cromatiche originarie, riportando l\u2019opera al suo antico splendore.<\/p>\n<p style=\"text-align: justify;\">La continua presenza in campo culturale, portata avanti negli anni con dedizione e impegno, ha portato l\u2019amministrazione comunale a dedicargli una via cittadina, in cui oggi ha sede la societ\u00e0 da lui stesso fondata.<\/p>\n<p style=\"text-align: justify;\"><img decoding=\"async\" class=\"size-full wp-image-8026 alignleft\" src=\"https:\/\/www.corazzi.com\/wp-content\/uploads\/2015\/10\/Grande-Croce.jpg\" alt=\"Grande Croce\" width=\"145\" height=\"266\" srcset=\"https:\/\/www.corazzi.com\/wp-content\/uploads\/2015\/10\/Grande-Croce.jpg 145w, https:\/\/www.corazzi.com\/wp-content\/uploads\/2015\/10\/Grande-Croce-114x210.jpg 114w\" sizes=\"(max-width: 145px) 100vw, 145px\" \/><\/p>\n<p style=\"text-align: justify;\">Nel corso degli anni la societ\u00e0 Corazzi Fibre \u00e8 intervenuta pi\u00f9 volte nel sostegno del patrimonio artistico e culturale della citt\u00e0. \u00a0La <strong>Grande Croce della Cattedrale<\/strong>, ad esempio, \u00e8 stata collocata in una teca con vetri antiproiettile offerta dall\u2019azienda stessa in memoria di Paolo Corazzi, al fine di preservare una delle opere di oreficeria pi\u00f9 significative del XV secolo.\u00a0 Restaurata dall\u2019Opificio delle Pietre Dure di Firenze e rientrata a Cremona nel 1994, la Grande Croce \u00e8 un capolavoro in argento alto oltre tre metri e del peso di quasi 500\u00a0chilogrammi. Composto da pi\u00f9 di 400 statuine di grande valore artistico e compositivo,<img decoding=\"async\" class=\"size-full wp-image-7885 alignright\" src=\"https:\/\/www.corazzi.com\/wp-content\/uploads\/2015\/09\/Ponchielli.jpg\" alt=\"Teatro Ponchielli\" width=\"208\" height=\"141\" \/> a cui fu aggiunto nel 1775 un basamento, rappresenta oggi uno dei capolavori pi\u00f9 affascinanti dell\u2019arte medievale.<\/p>\n<p style=\"text-align: justify;\">Corazzi Fibre partecipa inoltre, da numerosi anni, al finanziamento dello splendido <strong>teatro lirico \u201cAmilcare <\/strong><strong>Ponchielli\u201d<\/strong>, uno dei principali a livello nazionale.<\/p>\n<p style=\"text-align: justify;\">Continuare l\u2019opera intrapresa da Paolo Corazzi \u00e8 il modo pi\u00f9 tangibile per tenere viva la sua memoria.<\/p>\n<p><img loading=\"lazy\" decoding=\"async\" class=\"size-full wp-image-8194 aligncenter\" src=\"https:\/\/www.corazzi.com\/wp-content\/uploads\/2015\/10\/separatore_orizzontale.png\" alt=\"separatore_orizzontale\" width=\"280\" height=\"14\" \/><\/p>\n<h3 style=\"text-align: justify;\"><span style=\"color: #0088cc;\">SOSTEGNO SOCIALE<\/span><\/h3>\n<p>Corazzi Fibre \u00e8 parte attiva nel contrastare il disagio giovanile, offrendo assistenza e sostegno a tutti coloro che si trovano in stato di bisogno e finanziando progetti di utilit\u00e0 sociale.<\/p>\n<blockquote>\n<p style=\"text-align: justify;\"><span style=\"color: #000000;\">Fondazione Paolo ed Ilde Anita Corazzi<\/span><\/p>\n<\/blockquote>\n<p style=\"text-align: justify;\">Nel <img loading=\"lazy\" decoding=\"async\" class=\"size-full wp-image-8017 alignright\" src=\"https:\/\/www.corazzi.com\/wp-content\/uploads\/2015\/10\/Fondazione.jpg\" alt=\"Fondazione\" width=\"208\" height=\"125\" \/>1991 viene costituita la \u201c<strong>Fondazione Paolo ed Ilde Anita Corazzi<\/strong>\u201d con lo scopo di promuovere l\u2019assistenza materiale, morale e spirituale, la cura, il recupero e il reinserimento nella vita sociale e lavorativa dei giovani disagiati. Gli assistiti vengono accompagnati nei vari percorsi di crescita mediante l\u2019inserimento in gruppi di aiuto. I ragazzi sono supportati finanziariamente attraverso borse di studio e borse lavoro, al fine di garantire a tutti l\u2019accesso agli studi e l\u2019inserimento nel mondo del lavoro. Inoltre vengono offerte soluzioni abitative con carattere di temporaneit\u00e0 e di pronta accoglienza, ove necessario.<\/p>\n<p style=\"text-align: justify;\">Le attivit\u00e0 di sostegno scolastico svolte dalla Fondazione sono indirizzate a giovani che frequentano la scuola media inferiore, superiore e l\u2019universit\u00e0. I risultati sono da considerarsi lusinghieri: nel corso degli anni 25 ragazzi hanno conseguito un diploma e 9 una laurea. Il percorso della borsa lavoro, che ha visto finora<sup>(*)<\/sup>\u00a0160 giovani inseriti nel mondo occupazionale, prevede diversi profili professionali quali trasporto di anziani, malati e <img loading=\"lazy\" decoding=\"async\" class=\"size-full wp-image-7990 alignleft\" src=\"https:\/\/www.corazzi.com\/wp-content\/uploads\/2015\/10\/Pulmini.jpg\" alt=\"Pulmini\" width=\"208\" height=\"158\" \/>disabili ai centri di competenza, cura del verde, piccoli lavori edili e traslochi, pulizie di impianti civili e industriali. E\u2019 recente la donazione di due pulmini attrezzati con pedane e binari per il trasporto di anziani e disabili.<\/p>\n<p style=\"text-align: justify;\">La Fondazione Corazzi \u00e8 affiancata dall\u2019associazione di volontariato onlus\u00a0<strong>Cadash Viscontea. <\/strong>Gli operatori di quest\u2019associazione svolgono un ruolo fondamentale nell\u2019intero processo educativo dei giovani assistiti, organizzandone, tra l\u2019altro, anche i momenti di svago e brevi periodi di vacanza. Il contributo da parte del Comune di Cremona, che mette a disposizione sedi e strutture per le attivit\u00e0 e fornisce figure professionali di supporto ai ragazzi, costituisce un punto cardine nella realizzazione degli obbiettivi preposti.<br \/>La Fondazione, insieme a Cadash, ha erogato finora<sup>(*)<\/sup>\u00a0oltre due milioni di \u20ac di contributi, confermandosi soggetto attivo nel mondo della solidariet\u00e0 sul territorio cremonese.<\/p>\n<p>E\u2019 possibile effettuare <span style=\"color: #0088cc;\"><strong>donazioni libere<\/strong><\/span> a favore della Fondazione Corazzi nei seguenti modi:<\/p>\n<ul>\n<li style=\"text-align: justify;\">Dall\u2019Italia con bonifico bancario intestato a \u2018FONDAZIONE PAOLO ED ILDE ANITA CORAZZI PER I BISOGNOSI\u2019 \u2013\u00a0 codice IBAN IT21C0350011404000000004705 &#8211; <em>Le donazioni sono detraibili, se effettuate da Societ\u00e0 od Enti soggetti all&#8217;imposta sul reddito delle persone giuridiche (art. 73 del DPR 917\/86), fino al 2% del reddito d\u2019impresa.<\/em><\/li>\n<li style=\"text-align: justify;\">Dall\u2019estero con bonifico bancario intestato a \u2018FONDAZIONE PAOLO ED ILDE ANITA CORAZZI PER I BISOGNOSI\u2019 \u2013\u00a0 codice IBAN IT21C0350011404000000004705 \u2013 SWIFT\/BIC BCABIT21XXX<\/li>\n<\/ul>\n<address><em><span style=\"color: #999999;\">(*) Giugno 2016<\/span><\/em><\/address>\n<blockquote>\n<p><span style=\"color: #000000;\">Cooperativa Sociale onlus \u201cIl Legaccio\u201d<\/span><\/p>\n<\/blockquote>\n<p style=\"text-align: justify;\">Ormai da moltissimo tempo Corazzi Fibre svolge attivit\u00e0 di sostegno per la comunit\u00e0 e ne \u00e8 prova la duratura collaborazione con la cooperativa sociale onlus \u201cIl Legaccio\u201d. La cooperativa \u00e8 stata costituita come strumento per l&#8217;inserimento lavorativo all&#8217;interno del progetto di risocializzazione e riabilitazione di persone disagiate. Si occupa per la maggior parte di lavorazioni per conto terzi, continuamente alimentate da Corazzi da cui riceve prevalentemente incarichi di assemblaggio e confezionamento dei propri prodotti.<\/p>","protected":false},"excerpt":{"rendered":"<p>Corazzi Fibre si distingue da sempre per la sua attenzione alle iniziative artistiche e culturali legate alla citt\u00e0 di Cremona e per il sostegno alle attivit\u00e0 finalizzate al contrasto del disagio sociale.<\/p>\n","protected":false},"author":4,"featured_media":8428,"parent":47,"menu_order":0,"comment_status":"open","ping_status":"open","template":"","meta":{"_acf_changed":false,"ocean_post_layout":"","ocean_both_sidebars_style":"","ocean_both_sidebars_content_width":0,"ocean_both_sidebars_sidebars_width":0,"ocean_sidebar":"","ocean_second_sidebar":"","ocean_disable_margins":"enable","ocean_add_body_class":"","ocean_shortcode_before_top_bar":"","ocean_shortcode_after_top_bar":"","ocean_shortcode_before_header":"","ocean_shortcode_after_header":"","ocean_has_shortcode":"","ocean_shortcode_after_title":"","ocean_shortcode_before_footer_widgets":"","ocean_shortcode_after_footer_widgets":"","ocean_shortcode_before_footer_bottom":"","ocean_shortcode_after_footer_bottom":"","ocean_display_top_bar":"default","ocean_display_header":"default","ocean_header_style":"","ocean_center_header_left_menu":"","ocean_custom_header_template":"","ocean_custom_logo":0,"ocean_custom_retina_logo":0,"ocean_custom_logo_max_width":0,"ocean_custom_logo_tablet_max_width":0,"ocean_custom_logo_mobile_max_width":0,"ocean_custom_logo_max_height":0,"ocean_custom_logo_tablet_max_height":0,"ocean_custom_logo_mobile_max_height":0,"ocean_header_custom_menu":"","ocean_menu_typo_font_family":"","ocean_menu_typo_font_subset":"","ocean_menu_typo_font_size":0,"ocean_menu_typo_font_size_tablet":0,"ocean_menu_typo_font_size_mobile":0,"ocean_menu_typo_font_size_unit":"px","ocean_menu_typo_font_weight":"","ocean_menu_typo_font_weight_tablet":"","ocean_menu_typo_font_weight_mobile":"","ocean_menu_typo_transform":"","ocean_menu_typo_transform_tablet":"","ocean_menu_typo_transform_mobile":"","ocean_menu_typo_line_height":0,"ocean_menu_typo_line_height_tablet":0,"ocean_menu_typo_line_height_mobile":0,"ocean_menu_typo_line_height_unit":"","ocean_menu_typo_spacing":0,"ocean_menu_typo_spacing_tablet":0,"ocean_menu_typo_spacing_mobile":0,"ocean_menu_typo_spacing_unit":"","ocean_menu_link_color":"","ocean_menu_link_color_hover":"","ocean_menu_link_color_active":"","ocean_menu_link_background":"","ocean_menu_link_hover_background":"","ocean_menu_link_active_background":"","ocean_menu_social_links_bg":"","ocean_menu_social_hover_links_bg":"","ocean_menu_social_links_color":"","ocean_menu_social_hover_links_color":"","ocean_disable_title":"default","ocean_disable_heading":"default","ocean_post_title":"","ocean_post_subheading":"","ocean_post_title_style":"","ocean_post_title_background_color":"","ocean_post_title_background":0,"ocean_post_title_bg_image_position":"","ocean_post_title_bg_image_attachment":"","ocean_post_title_bg_image_repeat":"","ocean_post_title_bg_image_size":"","ocean_post_title_height":0,"ocean_post_title_bg_overlay":0.5,"ocean_post_title_bg_overlay_color":"","ocean_disable_breadcrumbs":"default","ocean_breadcrumbs_color":"","ocean_breadcrumbs_separator_color":"","ocean_breadcrumbs_links_color":"","ocean_breadcrumbs_links_hover_color":"","ocean_display_footer_widgets":"default","ocean_display_footer_bottom":"default","ocean_custom_footer_template":"","footnotes":""},"cat-professionale":[],"cat-industriale":[],"class_list":["post-7864","page","type-page","status-publish","has-post-thumbnail","hentry","entry","has-media"],"acf":[],"_links":{"self":[{"href":"https:\/\/www.corazzi.com\/it\/wp-json\/wp\/v2\/pages\/7864","targetHints":{"allow":["GET"]}}],"collection":[{"href":"https:\/\/www.corazzi.com\/it\/wp-json\/wp\/v2\/pages"}],"about":[{"href":"https:\/\/www.corazzi.com\/it\/wp-json\/wp\/v2\/types\/page"}],"author":[{"embeddable":true,"href":"https:\/\/www.corazzi.com\/it\/wp-json\/wp\/v2\/users\/4"}],"replies":[{"embeddable":true,"href":"https:\/\/www.corazzi.com\/it\/wp-json\/wp\/v2\/comments?post=7864"}],"version-history":[{"count":0,"href":"https:\/\/www.corazzi.com\/it\/wp-json\/wp\/v2\/pages\/7864\/revisions"}],"up":[{"embeddable":true,"href":"https:\/\/www.corazzi.com\/it\/wp-json\/wp\/v2\/pages\/47"}],"wp:featuredmedia":[{"embeddable":true,"href":"https:\/\/www.corazzi.com\/it\/wp-json\/wp\/v2\/media\/8428"}],"wp:attachment":[{"href":"https:\/\/www.corazzi.com\/it\/wp-json\/wp\/v2\/media?parent=7864"}],"wp:term":[{"taxonomy":"cat-professionale","embeddable":true,"href":"https:\/\/www.corazzi.com\/it\/wp-json\/wp\/v2\/cat-professionale?post=7864"},{"taxonomy":"cat-industriale","embeddable":true,"href":"https:\/\/www.corazzi.com\/it\/wp-json\/wp\/v2\/cat-industriale?post=7864"}],"curies":[{"name":"wp","href":"https:\/\/api.w.org\/{rel}","templated":true}]}}